{"id":75,"date":"2015-10-16T19:46:13","date_gmt":"2015-10-16T18:46:13","guid":{"rendered":"http:\/\/blog.addap13.net\/psc\/?page_id=75"},"modified":"2018-11-28T11:48:32","modified_gmt":"2018-11-28T10:48:32","slug":"2-plannings","status":"publish","type":"page","link":"https:\/\/blog.addap13.net\/psc\/dispositif-hts\/college-jacques-prevert\/2-plannings\/","title":{"rendered":"2- Plannings"},"content":{"rendered":"<h4><\/h4>\n<h4><span style=\"color: #000000\">Pour d\u00e9couvrir les activit\u00e9s qui vous sont propos\u00e9es sur le coll\u00e8ge Jacques Pr\u00e9vert, cliquez sur le lien qui suit :<\/span><\/h4>\n<h4><a href=\"http:\/\/blog.addap13.net\/psc\/wp-content\/uploads\/sites\/11\/2018\/11\/Planning-dactivite%CC%81s-Jacques-Pre%CC%81vert-2018-2019.docx\" target=\"_blank\" rel=\"noopener\">Planning d&rsquo;activite\u0301s Jacques Pre\u0301vert 2018-2019<\/a><\/h4>\n<h4><span style=\"color: #000000\">Ce planning annuel peut \u00eatre soumit \u00e0 des modifications au cours de l&rsquo;ann\u00e9e.<\/span><\/h4>\n<h4><span style=\"color: #000000\">Le planning des vacances scolaires sera mis \u00e0 jour et mis en ligne la \u00a0semaine pr\u00e9c\u00e9dent chaque p\u00e9riode de vacances.<\/span><\/h4>\n","protected":false},"excerpt":{"rendered":"<p>Pour d\u00e9couvrir les activit\u00e9s qui vous sont propos\u00e9es sur le coll\u00e8ge Jacques Pr\u00e9vert, cliquez sur le lien qui suit : Planning d&rsquo;activite\u0301s Jacques Pre\u0301vert 2018-2019 Ce planning annuel peut \u00eatre soumit \u00e0 des modifications au cours de l&rsquo;ann\u00e9e. Le planning des vacances scolaires sera mis \u00e0 jour et mis en ligne la \u00a0semaine pr\u00e9c\u00e9dent chaque [&hellip;]<\/p>\n","protected":false},"author":5,"featured_media":0,"parent":37,"menu_order":0,"comment_status":"closed","ping_status":"closed","template":"","meta":{"footnotes":""},"class_list":["post-75","page","type-page","status-publish","hentry"],"_links":{"self":[{"href":"https:\/\/blog.addap13.net\/psc\/wp-json\/wp\/v2\/pages\/75","targetHints":{"allow":["GET"]}}],"collection":[{"href":"https:\/\/blog.addap13.net\/psc\/wp-json\/wp\/v2\/pages"}],"about":[{"href":"https:\/\/blog.addap13.net\/psc\/wp-json\/wp\/v2\/types\/page"}],"author":[{"embeddable":true,"href":"https:\/\/blog.addap13.net\/psc\/wp-json\/wp\/v2\/users\/5"}],"replies":[{"embeddable":true,"href":"https:\/\/blog.addap13.net\/psc\/wp-json\/wp\/v2\/comments?post=75"}],"version-history":[{"count":15,"href":"https:\/\/blog.addap13.net\/psc\/wp-json\/wp\/v2\/pages\/75\/revisions"}],"predecessor-version":[{"id":964,"href":"https:\/\/blog.addap13.net\/psc\/wp-json\/wp\/v2\/pages\/75\/revisions\/964"}],"up":[{"embeddable":true,"href":"https:\/\/blog.addap13.net\/psc\/wp-json\/wp\/v2\/pages\/37"}],"wp:attachment":[{"href":"https:\/\/blog.addap13.net\/psc\/wp-json\/wp\/v2\/media?parent=75"}],"curies":[{"name":"wp","href":"https:\/\/api.w.org\/{rel}","templated":true}]}}