{"id":69,"date":"2015-10-16T19:45:28","date_gmt":"2015-10-16T18:45:28","guid":{"rendered":"http:\/\/blog.addap13.net\/psc\/?page_id=69"},"modified":"2021-01-07T15:00:18","modified_gmt":"2021-01-07T14:00:18","slug":"1-presentation","status":"publish","type":"page","link":"https:\/\/blog.addap13.net\/psc\/dispositif-hts\/college-jacques-prevert\/1-presentation\/","title":{"rendered":"1- Pr\u00e9sentation"},"content":{"rendered":"<h4><\/h4>\n<h4><span style=\"color: #000000\">Le coll\u00e8ge Jacques Pr\u00e9vert est situ\u00e9 rue des Jonquilles, dans le quartier de Frais Vallon (13\u00e8me\u00a0arrondissement de Marseille).<\/span><\/h4>\n<h4 style=\"text-align: justify\"><span style=\"color: #000000\">Ce coll\u00e8ge est ouvert depuis 2014. Il est compos\u00e9 d&rsquo;un gymnase, d&rsquo;un plateau sportif ext\u00e9rieur avec une piste d&rsquo;athl\u00e9tisme et d&rsquo;un dojo.<\/span><\/h4>\n<h4 style=\"text-align: justify\"><span style=\"color: #000000\">Nous sommes ouverts\u00a0du lundi au vendredi de 17h30 \u00e0 21h et le samedi de 14h \u00e0 18h toute l&rsquo;ann\u00e9e mais \u00e9galement durant les vacances scolaires du lundi au vendredi de 14h \u00e0 20h (22h pour les vacances d&rsquo;\u00e9t\u00e9) et le samedi de 14h \u00e0 19h.<\/span><\/h4>\n<h4 style=\"text-align: justify\"><span style=\"color: #000000\">Une \u00e9quipe de quatre animateurs sportifs et d&rsquo;un coordinateur sont pr\u00e9sents pour vous accueillir et pour vous proposer un large choix d&rsquo;activit\u00e9s d\u00e8s l&rsquo;\u00e2ge de 6 ans, pour les adolescents et pour les adultes. Au programme, des sports collectifs (handball, basketball, futsal&#8230;), des sports de raquettes (badminton, ping-pong&#8230;), des sports d&rsquo;entretien corporel (gym, step, renforcement musculaire&#8230;) mais aussi des sports de pleine nature (randonn\u00e9e, course d&rsquo;orientation&#8230;).<\/span><\/h4>\n<h4 style=\"text-align: justify\"><span style=\"color: #000000\">De nombreux clubs, Athletic Marseille Judo (Judo), Le Comit\u00e9 13 de basket (Basket), Harmonia Club (Boxe), l&rsquo;UMBB (Basket), le club de Viet aiki (Aiki budo Viet) et Black Eagles (Kung Fu) sont \u00e9galement pr\u00e9sents pour vous proposer des cours au sein du complexe sportif que nous g\u00e9rons.<\/span><\/h4>\n<h4 style=\"text-align: justify\"><span style=\"color: #000000\">N&rsquo;h\u00e9sitez donc pas \u00e0 venir nous voir pour plus de renseignements. Un dossier d&rsquo;inscription vous sera remis sur place par le coordinateur.<\/span><\/h4>\n<h4><span style=\"color: #000000\">\u00a0<\/span><\/h4>\n<h4 style=\"text-align: justify\"><span style=\"color: #000000\">Sportivement<\/span><\/h4>\n<h4 style=\"text-align: justify\"><span style=\"color: #000000\">L&rsquo;\u00e9quipe de Jacques Pr\u00e9vert.<\/span><\/h4>\n<h4 style=\"text-align: justify\"><span style=\"color: #000000\">\u00a0<\/span><\/h4>\n<h4 style=\"text-align: justify\"><span style=\"color: #000000\"><em>Pour nous rejoindre :<\/em><\/span><\/h4>\n<p>&nbsp;<\/p>\n<h4><span style=\"color: #000000\">En bus : ligne 6 arr\u00eat \u00ab\u00a0Frais Vallon Coll\u00e8ge\u00a0\u00bb et ligne 39 arr\u00eat \u00ab\u00a0<\/span><span style=\"color: #000000\">Frais Vallon Coll\u00e8ge\u00a0\u00bb<\/span><\/h4>\n<h4><\/h4>\n<h4><\/h4>\n<p>[osm_map_v3 map_center=\u00a0\u00bb43.326,5.431&Prime; zoom=\u00a0\u00bb15&Prime; width=\u00a0\u00bb100%\u00a0\u00bb height=\u00a0\u00bb450&Prime; marker_latlon=\u00a0\u00bb43.32685,5.43219&Prime; marker_name=\u00a0\u00bbmic_red_pinother_02.png\u00a0\u00bb]<\/p>\n","protected":false},"excerpt":{"rendered":"<p>Le coll\u00e8ge Jacques Pr\u00e9vert est situ\u00e9 rue des Jonquilles, dans le quartier de Frais Vallon (13\u00e8me\u00a0arrondissement de Marseille). Ce coll\u00e8ge est ouvert depuis 2014. Il est compos\u00e9 d&rsquo;un gymnase, d&rsquo;un plateau sportif ext\u00e9rieur avec une piste d&rsquo;athl\u00e9tisme et d&rsquo;un dojo. Nous sommes ouverts\u00a0du lundi au vendredi de 17h30 \u00e0 21h et le samedi de 14h [&hellip;]<\/p>\n","protected":false},"author":5,"featured_media":0,"parent":37,"menu_order":0,"comment_status":"closed","ping_status":"closed","template":"","meta":{"footnotes":""},"class_list":["post-69","page","type-page","status-publish","hentry"],"_links":{"self":[{"href":"https:\/\/blog.addap13.net\/psc\/wp-json\/wp\/v2\/pages\/69","targetHints":{"allow":["GET"]}}],"collection":[{"href":"https:\/\/blog.addap13.net\/psc\/wp-json\/wp\/v2\/pages"}],"about":[{"href":"https:\/\/blog.addap13.net\/psc\/wp-json\/wp\/v2\/types\/page"}],"author":[{"embeddable":true,"href":"https:\/\/blog.addap13.net\/psc\/wp-json\/wp\/v2\/users\/5"}],"replies":[{"embeddable":true,"href":"https:\/\/blog.addap13.net\/psc\/wp-json\/wp\/v2\/comments?post=69"}],"version-history":[{"count":9,"href":"https:\/\/blog.addap13.net\/psc\/wp-json\/wp\/v2\/pages\/69\/revisions"}],"predecessor-version":[{"id":1107,"href":"https:\/\/blog.addap13.net\/psc\/wp-json\/wp\/v2\/pages\/69\/revisions\/1107"}],"up":[{"embeddable":true,"href":"https:\/\/blog.addap13.net\/psc\/wp-json\/wp\/v2\/pages\/37"}],"wp:attachment":[{"href":"https:\/\/blog.addap13.net\/psc\/wp-json\/wp\/v2\/media?parent=69"}],"curies":[{"name":"wp","href":"https:\/\/api.w.org\/{rel}","templated":true}]}}