{"id":258,"date":"2015-11-07T19:36:33","date_gmt":"2015-11-07T18:36:33","guid":{"rendered":"http:\/\/blog.addap13.net\/psc\/?page_id=258"},"modified":"2025-02-18T17:20:24","modified_gmt":"2025-02-18T16:20:24","slug":"presentation-du-hts","status":"publish","type":"page","link":"https:\/\/blog.addap13.net\/psc\/","title":{"rendered":"Pr\u00e9sentation du HTS"},"content":{"rendered":"<h4><span style=\"color: #000000;\">Le service Pr\u00e9vention Sport Coll\u00e8ge (PSC) du groupe ADDAP13, est un service de pr\u00e9vention par le sport et d\u2019insertion professionnelle (dans les m\u00e9tiers du sport et de l\u2019animation). Il se projette pour l\u2019ann\u00e9e 2019 avec 32 salari\u00e9s (9 CDI, 4 adultes relais, 19 contrats PEC, CEA ou CDD), le personnel de terrain \u00e9tant qualifi\u00e9 ou en formation en alternance dans les m\u00e9tiers de l\u2019\u00e9ducation populaire (CQP, BPJEPS et DEJEPS).<\/span><\/h4>\n<h4><span style=\"color: #000000;\">Le service d\u00e9veloppe actuellement 2 dispositifs dans 25 quartiers prioritaires de la ville de Marseille\u00a0: l\u2019animation sportive Hors Temps Scolaire\u00a0 (HTS) dans les complexes sportifs de coll\u00e8ges (6 sites), ainsi que le dispositif \u00ab\u00a0Urban Sport Truck\u00a0\u00bb dans les espaces publics ou espaces sportifs de proximit\u00e9 (24 lieux d\u2019interventions).<\/span><\/h4>\n<h4><span style=\"color: #000000;\">L\u2019action du service qui concerne le hors temps scolaire (HTS), est op\u00e9rationnelle dans 6 quartiers prioritaires de Marseille : 2 dans les 2<sup>\u00e8me<\/sup> et 3<sup>\u00e8me<\/sup> arr. du centre-ville (coll\u00e8ge Jean-Claude Izzo \u00e0 La Joliette et plateau sportif de Saint-Mauront), 2 dans le 13<sup>\u00e8me<\/sup> arr. (coll\u00e8ge Jacques Pr\u00e9vert \u00e0 Frais Vallon et coll\u00e8ge Auguste Renoir \u00e0 Malpass\u00e9) et 1 dans le 15<sup>\u00e8me<\/sup> arr. (coll\u00e8ge Rosa Parks \u00e0 la Cabucelle). Ce dispositif b\u00e9n\u00e9ficie de l\u2019apport des nouveaux contrats de l\u2019Etat, les contrats PEC, permettant ainsi \u00e0 chaque coordinateur de site de compter une \u00e9quipe de 3 animateurs.<\/span><\/h4>\n<h4><span style=\"color: #000000;\">Dans le prolongement de l\u2019ann\u00e9e pass\u00e9e, le dispositif Urban Sport Truck (UST) compos\u00e9 de 4 \u00e9quipes poursuivra un travail d\u2019animation sportive itin\u00e9rant au pied d\u2019immeuble, dans le cadre du renforcement de la pr\u00e9sence sociale dans les QPV, les soirs et weekends, en horaires d\u00e9cal\u00e9s. Sous l\u2019impulsion d\u2019un coordinateur sportif et l\u2019encadrement de 4 bin\u00f4mes (Adultes relais et contrats PEC et CEA), les \u00e9quipes \u00e9volueront dans 6 espaces publics ou sportifs de 3 quartiers du 3<sup>\u00e8me<\/sup> arrondissement, ainsi que 18 cit\u00e9s des 11, 13, 14 et 15\u00e8me arrondissements de Marseille.<\/span><\/h4>\n<h4><span style=\"color: #000000;\">Les 2 dispositifs g\u00e9r\u00e9s par le service accueillent chaque ann\u00e9es 2 \u00e0 3 stagiaires BPJEPS, des stagiaires envoy\u00e9s par les missions locales et p\u00f4le emploi, et b\u00e9n\u00e9ficient du renfort de nombreux services civiques du projet PAD (Projet arm\u00e9e d\u00e9fense, service 15\/16), qui s\u2019impliquent le d\u00e9veloppement des activit\u00e9s sportives et citoyennes dans le cadre de leur mission de volontariat.<\/span><\/h4>\n<h4><span style=\"color: #000000;\">Pour rappel, les missions du service sont de\u00a0:<\/span><\/h4>\n<h4><span style=\"color: #000000;\">Participer pleinement \u00e0 l\u2019insertion des jeunes issus des quartiers prioritaires aux m\u00e9tiers du sport et de l\u2019animation, autant \u00e0 travers la formation et l\u2019encadrement des CEA et PEC que par l\u2019embauche des renforts vacataires, \u00e9tudiants ou de demandeurs d\u2019emplois dipl\u00f4m\u00e9s, et par l\u2019accueil de services civiques et de stagiaires BPJEPS, en lien avec l\u2019ensemble des centre de formation ainsi que la Mission Locale et le P\u00f4le emploi et le service 15\/16 de la Pr\u00e9vention sp\u00e9cialis\u00e9e (pour les services civiques).<\/span><\/h4>\n<h4><span style=\"color: #000000;\">Permettre \u00e0 l\u2019ensemble des habitants de diff\u00e9rents territoires prioritaires d\u2019acc\u00e9der gratuitement \u00e0 des \u00e9quipements sportifs ferm\u00e9s en dehors des temps scolaires et organiser des activit\u00e9s sportives vari\u00e9es dans ce lieu socialisant, toute l\u2019ann\u00e9e, 6 jours sur 7 et dans la mesure du possible durant les vacances scolaires.<\/span><\/h4>\n<h4><span style=\"color: #000000;\">Favoriser le d\u00e9veloppement et l\u2019implantation des clubs et associations sportives au sein des territoires concern\u00e9s. Il s\u2019agira ici notamment de travailler le passage de l\u2019initiation sportive gratuite propos\u00e9e par les \u00e9quipes du groupe ADDAP13 \u00e0 la sp\u00e9cialisation payante (licences) encadr\u00e9e par les clubs.<\/span><\/h4>\n<h4><span style=\"color: #000000;\">D\u00e9velopper le lien social entre les habitants, encourager la citoyennet\u00e9 et le mieux vivre ensemble, r\u00e9tablir un lien entre les habitants et les institutions, pr\u00e9venir des conduites \u00e0 risques.<\/span><\/h4>\n<h4><span style=\"color: #000000;\">Aller vers les jeunes et familles, et contribuer \u00e0 l\u2019apaisement des tensions en animant les espaces o\u00f9 se rencontrent diff\u00e9rentes g\u00e9n\u00e9rations et populations, tout en positionnant les participants comme acteurs d\u2019une dynamique au c\u0153ur de leur quartier.<\/span><\/h4>\n<h4><span style=\"color: #000000;\">Avec la mise en \u0153uvre de 4 \u00e9quipes sportives mobiles qui interviennent chacune hebdomadairement dans 6 quartiers diff\u00e9rents avec leur camion \u00e9quip\u00e9 de mat\u00e9riel sportif l\u00e9ger et de toute une logistique permettant de favoriser des espaces d\u2019\u00e9changes et de convivialit\u00e9, le service contribue ainsi \u00e0 la r\u00e9appropriation positive des espaces publics, en se servant du sport comme vecteur de socialisation.<\/span><\/h4>\n<h4 style=\"text-align: justify;\"><span style=\"color: #000000;\">Ce projet est financ\u00e9 par l\u2019Etat, le D\u00e9partement des Bouches-du-Rh\u00f4ne, et la Politique de la ville.<\/span><\/h4>\n<p>&nbsp;<\/p>\n","protected":false},"excerpt":{"rendered":"<p>Le service Pr\u00e9vention Sport Coll\u00e8ge (PSC) du groupe ADDAP13, est un service de pr\u00e9vention par le sport et d\u2019insertion professionnelle (dans les m\u00e9tiers du sport et de l\u2019animation). Il se projette pour l\u2019ann\u00e9e 2019 avec 32 salari\u00e9s (9 CDI, 4 adultes relais, 19 contrats PEC, CEA ou CDD), le personnel de terrain \u00e9tant qualifi\u00e9 ou [&hellip;]<\/p>\n","protected":false},"author":5,"featured_media":0,"parent":0,"menu_order":1,"comment_status":"closed","ping_status":"closed","template":"","meta":{"footnotes":""},"class_list":["post-258","page","type-page","status-publish","hentry"],"_links":{"self":[{"href":"https:\/\/blog.addap13.net\/psc\/wp-json\/wp\/v2\/pages\/258","targetHints":{"allow":["GET"]}}],"collection":[{"href":"https:\/\/blog.addap13.net\/psc\/wp-json\/wp\/v2\/pages"}],"about":[{"href":"https:\/\/blog.addap13.net\/psc\/wp-json\/wp\/v2\/types\/page"}],"author":[{"embeddable":true,"href":"https:\/\/blog.addap13.net\/psc\/wp-json\/wp\/v2\/users\/5"}],"replies":[{"embeddable":true,"href":"https:\/\/blog.addap13.net\/psc\/wp-json\/wp\/v2\/comments?post=258"}],"version-history":[{"count":41,"href":"https:\/\/blog.addap13.net\/psc\/wp-json\/wp\/v2\/pages\/258\/revisions"}],"predecessor-version":[{"id":1131,"href":"https:\/\/blog.addap13.net\/psc\/wp-json\/wp\/v2\/pages\/258\/revisions\/1131"}],"wp:attachment":[{"href":"https:\/\/blog.addap13.net\/psc\/wp-json\/wp\/v2\/media?parent=258"}],"curies":[{"name":"wp","href":"https:\/\/api.w.org\/{rel}","templated":true}]}}