{"id":233,"date":"2015-11-07T18:09:14","date_gmt":"2015-11-07T17:09:14","guid":{"rendered":"http:\/\/blog.addap13.net\/psc\/?page_id=233"},"modified":"2018-11-28T11:45:50","modified_gmt":"2018-11-28T10:45:50","slug":"2-planning","status":"publish","type":"page","link":"https:\/\/blog.addap13.net\/psc\/dispositif-hts\/college-auguste-renoir\/2-planning\/","title":{"rendered":"2- Plannings"},"content":{"rendered":"<h4><\/h4>\n<h4><\/h4>\n<h4><span style=\"color: #000000\">Pour d\u00e9couvrir les activit\u00e9s qui vous sont propos\u00e9es sur le coll\u00e8ge Auguste Renoir, cliquez sur le lien qui suit :<\/span><\/h4>\n<h4><span style=\"color: #000000\"><a href=\"http:\/\/blog.addap13.net\/psc\/wp-content\/uploads\/sites\/11\/2018\/11\/Planning-dactivite%CC%81s-A.-RENOIR-2018-2019.docx\" target=\"_blank\" rel=\"noopener\">Planning d&rsquo;activite\u0301s A. RENOIR 2018-2019<\/a><\/span><\/h4>\n<h4><span style=\"color: #000000\">Ce planning annuel peut \u00eatre soumit \u00e0 des modifications au cours de l&rsquo;ann\u00e9e.<\/span><\/h4>\n<h4><span style=\"color: #000000\">Le planning des vacances scolaires sera mis \u00e0 jour et mis en ligne la \u00a0semaine pr\u00e9c\u00e9dent chaque p\u00e9riode de vacances.<\/span><\/h4>\n<h4><span style=\"color: #000000\">\u00a0<\/span><\/h4>\n","protected":false},"excerpt":{"rendered":"<p>Pour d\u00e9couvrir les activit\u00e9s qui vous sont propos\u00e9es sur le coll\u00e8ge Auguste Renoir, cliquez sur le lien qui suit : Planning d&rsquo;activite\u0301s A. RENOIR 2018-2019 Ce planning annuel peut \u00eatre soumit \u00e0 des modifications au cours de l&rsquo;ann\u00e9e. Le planning des vacances scolaires sera mis \u00e0 jour et mis en ligne la \u00a0semaine pr\u00e9c\u00e9dent chaque [&hellip;]<\/p>\n","protected":false},"author":5,"featured_media":0,"parent":39,"menu_order":0,"comment_status":"closed","ping_status":"closed","template":"","meta":{"footnotes":""},"class_list":["post-233","page","type-page","status-publish","hentry"],"_links":{"self":[{"href":"https:\/\/blog.addap13.net\/psc\/wp-json\/wp\/v2\/pages\/233","targetHints":{"allow":["GET"]}}],"collection":[{"href":"https:\/\/blog.addap13.net\/psc\/wp-json\/wp\/v2\/pages"}],"about":[{"href":"https:\/\/blog.addap13.net\/psc\/wp-json\/wp\/v2\/types\/page"}],"author":[{"embeddable":true,"href":"https:\/\/blog.addap13.net\/psc\/wp-json\/wp\/v2\/users\/5"}],"replies":[{"embeddable":true,"href":"https:\/\/blog.addap13.net\/psc\/wp-json\/wp\/v2\/comments?post=233"}],"version-history":[{"count":16,"href":"https:\/\/blog.addap13.net\/psc\/wp-json\/wp\/v2\/pages\/233\/revisions"}],"predecessor-version":[{"id":962,"href":"https:\/\/blog.addap13.net\/psc\/wp-json\/wp\/v2\/pages\/233\/revisions\/962"}],"up":[{"embeddable":true,"href":"https:\/\/blog.addap13.net\/psc\/wp-json\/wp\/v2\/pages\/39"}],"wp:attachment":[{"href":"https:\/\/blog.addap13.net\/psc\/wp-json\/wp\/v2\/media?parent=233"}],"curies":[{"name":"wp","href":"https:\/\/api.w.org\/{rel}","templated":true}]}}