{"id":231,"date":"2015-11-07T17:55:32","date_gmt":"2015-11-07T16:55:32","guid":{"rendered":"http:\/\/blog.addap13.net\/psc\/?page_id=231"},"modified":"2025-02-18T17:21:10","modified_gmt":"2025-02-18T16:21:10","slug":"1-presentation-2","status":"publish","type":"page","link":"https:\/\/blog.addap13.net\/psc\/dispositif-hts\/college-auguste-renoir\/1-presentation-2\/","title":{"rendered":"1- Pr\u00e9sentation"},"content":{"rendered":"<h4><\/h4>\n<h4><span style=\"color: #000000;\">Le coll\u00e8ge Auguste Renoir est situ\u00e9 50 avenue St Paul, dans le quartier de Malpass\u00e9 (13\u00e8me arrondissement de Marseille).<\/span><\/h4>\n<h4 style=\"text-align: justify;\"><span style=\"color: #000000;\">Ce coll\u00e8ge est ouvert depuis 2015. Il est compos\u00e9 d&rsquo;un gymnase, d&rsquo;un grand plateau sportif ext\u00e9rieur avec un\u00a0couloir d&rsquo;athl\u00e9tisme et d&rsquo;une salle polyvalente.<\/span><\/h4>\n<h4 style=\"text-align: justify;\"><span style=\"color: #000000;\">Nous sommes ouverts\u00a0du lundi au vendredi de 17h30 \u00e0 20h30 et le samedi de 14h \u00e0 19h toute l&rsquo;ann\u00e9e mais \u00e9galement durant les vacances scolaires du lundi au vendredi de 14h \u00e0 20h (22h pour les vacances d&rsquo;\u00e9t\u00e9) et le samedi de 14h \u00e0 19h.<\/span><\/h4>\n<h4 style=\"text-align: justify;\"><span style=\"color: #000000;\">Une \u00e9quipe compos\u00e9e de quatre animateurs sportifs et d&rsquo;une coordinatrice sont pr\u00e9sents pour vous accueillir et pour vous proposer un large choix d&rsquo;activit\u00e9s d\u00e8s l&rsquo;\u00e2ge de 6 ans, pour les adolescents et pour les adultes. Au programme, des sports collectifs et innovants (handball, basketball, futsal, kinball, tchoukball&#8230;), des sports de raquettes (badminton, ping-pong&#8230;), des sports d&rsquo;entretien corporel (gym, step, renforcement musculaire&#8230;) .<\/span><\/h4>\n<h4 style=\"text-align: justify;\"><span style=\"color: #000000;\">Plusieurs clubs, le Club St Henri (Futsal), Viet Aiki (Aiki Budo Viet), FCLM (Football), le Centre Social St Just Corot (Hip Hop), sont \u00e9galement pr\u00e9sents pour vous proposer des cours au sein du complexe sportif que nous g\u00e9rons.<\/span><\/h4>\n<h4 style=\"text-align: justify;\"><span style=\"color: #000000;\">N&rsquo;h\u00e9sitez donc pas \u00e0 venir nous voir pour plus de renseignements. Un dossier d&rsquo;inscription vous sera remis sur place par la coordinatrice.<\/span><\/h4>\n<h4><span style=\"color: #000000;\">\u00a0<\/span><\/h4>\n<h4 style=\"text-align: justify;\"><span style=\"color: #000000;\">Sportivement<\/span><\/h4>\n<h4 style=\"text-align: justify;\"><span style=\"color: #000000;\">L&rsquo;\u00e9quipe d&rsquo;Auguste Renoir.<\/span><\/h4>\n<h4 style=\"text-align: justify;\"><span style=\"color: #000000;\">\u00a0<\/span><\/h4>\n<h4 style=\"text-align: justify;\"><span style=\"color: #000000;\"><em>Pour nous rejoindre :<\/em><\/span><\/h4>\n<h4><span style=\"color: #000000;\">En bus : ligne 38\u00a0arr\u00eat \u00ab\u00a0Centre social\u00a0\u00bb et ligne 32 arr\u00eat \u00ab\u00a0Centre social\u00a0\u00bb<\/span><\/h4>\n<p>&nbsp;<\/p>\n","protected":false},"excerpt":{"rendered":"<p>Le coll\u00e8ge Auguste Renoir est situ\u00e9 50 avenue St Paul, dans le quartier de Malpass\u00e9 (13\u00e8me arrondissement de Marseille). Ce coll\u00e8ge est ouvert depuis 2015. Il est compos\u00e9 d&rsquo;un gymnase, d&rsquo;un grand plateau sportif ext\u00e9rieur avec un\u00a0couloir d&rsquo;athl\u00e9tisme et d&rsquo;une salle polyvalente. Nous sommes ouverts\u00a0du lundi au vendredi de 17h30 \u00e0 20h30 et le samedi [&hellip;]<\/p>\n","protected":false},"author":5,"featured_media":0,"parent":39,"menu_order":0,"comment_status":"closed","ping_status":"closed","template":"","meta":{"footnotes":""},"class_list":["post-231","page","type-page","status-publish","hentry"],"_links":{"self":[{"href":"https:\/\/blog.addap13.net\/psc\/wp-json\/wp\/v2\/pages\/231","targetHints":{"allow":["GET"]}}],"collection":[{"href":"https:\/\/blog.addap13.net\/psc\/wp-json\/wp\/v2\/pages"}],"about":[{"href":"https:\/\/blog.addap13.net\/psc\/wp-json\/wp\/v2\/types\/page"}],"author":[{"embeddable":true,"href":"https:\/\/blog.addap13.net\/psc\/wp-json\/wp\/v2\/users\/5"}],"replies":[{"embeddable":true,"href":"https:\/\/blog.addap13.net\/psc\/wp-json\/wp\/v2\/comments?post=231"}],"version-history":[{"count":18,"href":"https:\/\/blog.addap13.net\/psc\/wp-json\/wp\/v2\/pages\/231\/revisions"}],"predecessor-version":[{"id":1132,"href":"https:\/\/blog.addap13.net\/psc\/wp-json\/wp\/v2\/pages\/231\/revisions\/1132"}],"up":[{"embeddable":true,"href":"https:\/\/blog.addap13.net\/psc\/wp-json\/wp\/v2\/pages\/39"}],"wp:attachment":[{"href":"https:\/\/blog.addap13.net\/psc\/wp-json\/wp\/v2\/media?parent=231"}],"curies":[{"name":"wp","href":"https:\/\/api.w.org\/{rel}","templated":true}]}}