{"id":1114,"date":"2021-01-07T15:24:03","date_gmt":"2021-01-07T14:24:03","guid":{"rendered":"http:\/\/blog.addap13.net\/psc\/?page_id=1114"},"modified":"2021-01-07T15:58:19","modified_gmt":"2021-01-07T14:58:19","slug":"les-films-du-service","status":"publish","type":"page","link":"https:\/\/blog.addap13.net\/psc\/les-films-du-service\/","title":{"rendered":"LES FILMS DU SERVICE"},"content":{"rendered":"<h4><span style=\"color: #000000\">Voici les films de pr\u00e9sentation r\u00e9alis\u00e9s pour le service de pr\u00e9vention par le Sport.<\/span><\/h4>\n<h4><span style=\"color: #000000\">Pour les voir, cliquez sur les liens ci-dessous :<\/span><\/h4>\n<ul>\n<li>\n<h4><span style=\"color: #000000\">Film de Pr\u00e9sentation du service<\/span><\/h4>\n<\/li>\n<\/ul>\n<p><iframe loading=\"lazy\" title=\"Film PSC Addap13 version 3\" width=\"700\" height=\"394\" src=\"https:\/\/www.youtube.com\/embed\/Qd78-_kN2ro?feature=oembed\" frameborder=\"0\" allow=\"accelerometer; autoplay; clipboard-write; encrypted-media; gyroscope; picture-in-picture\" allowfullscreen><\/iframe><\/p>\n<p>&nbsp;<\/p>\n<ul>\n<li>\n<h4><span style=\"color: #000000\">Film de pr\u00e9sentation du projet \u00ab\u00a0Un \u00e9t\u00e9 dans ma cit\u00e9\u00a0\u00bb<\/span><\/h4>\n<\/li>\n<\/ul>\n<p>&nbsp;<\/p>\n<p><iframe loading=\"lazy\" title=\"Un \u00e9t\u00e9 pour ma cit\u00e9\" width=\"700\" height=\"394\" src=\"https:\/\/www.youtube.com\/embed\/5IyaXzQAu7o?feature=oembed\" frameborder=\"0\" allow=\"accelerometer; autoplay; clipboard-write; encrypted-media; gyroscope; picture-in-picture\" allowfullscreen><\/iframe><\/p>\n<p>&nbsp;<\/p>\n<p>&nbsp;<\/p>\n<p>&nbsp;<\/p>\n<p>&nbsp;<\/p>\n<p>&nbsp;<\/p>\n<p>&nbsp;<\/p>\n<p>&nbsp;<\/p>\n","protected":false},"excerpt":{"rendered":"<p>Voici les films de pr\u00e9sentation r\u00e9alis\u00e9s pour le service de pr\u00e9vention par le Sport. Pour les voir, cliquez sur les liens ci-dessous : Film de Pr\u00e9sentation du service &nbsp; Film de pr\u00e9sentation du projet \u00ab\u00a0Un \u00e9t\u00e9 dans ma cit\u00e9\u00a0\u00bb &nbsp; &nbsp; &nbsp; &nbsp; &nbsp; &nbsp; &nbsp; &nbsp;<\/p>\n","protected":false},"author":50,"featured_media":0,"parent":0,"menu_order":10,"comment_status":"closed","ping_status":"closed","template":"","meta":{"footnotes":""},"class_list":["post-1114","page","type-page","status-publish","hentry"],"_links":{"self":[{"href":"https:\/\/blog.addap13.net\/psc\/wp-json\/wp\/v2\/pages\/1114","targetHints":{"allow":["GET"]}}],"collection":[{"href":"https:\/\/blog.addap13.net\/psc\/wp-json\/wp\/v2\/pages"}],"about":[{"href":"https:\/\/blog.addap13.net\/psc\/wp-json\/wp\/v2\/types\/page"}],"author":[{"embeddable":true,"href":"https:\/\/blog.addap13.net\/psc\/wp-json\/wp\/v2\/users\/50"}],"replies":[{"embeddable":true,"href":"https:\/\/blog.addap13.net\/psc\/wp-json\/wp\/v2\/comments?post=1114"}],"version-history":[{"count":4,"href":"https:\/\/blog.addap13.net\/psc\/wp-json\/wp\/v2\/pages\/1114\/revisions"}],"predecessor-version":[{"id":1123,"href":"https:\/\/blog.addap13.net\/psc\/wp-json\/wp\/v2\/pages\/1114\/revisions\/1123"}],"wp:attachment":[{"href":"https:\/\/blog.addap13.net\/psc\/wp-json\/wp\/v2\/media?parent=1114"}],"curies":[{"name":"wp","href":"https:\/\/api.w.org\/{rel}","templated":true}]}}