{"id":83,"date":"2015-11-06T16:01:53","date_gmt":"2015-11-06T15:01:53","guid":{"rendered":"http:\/\/blog.addap13.net\/insertion\/?page_id=83"},"modified":"2019-06-13T16:23:10","modified_gmt":"2019-06-13T14:23:10","slug":"prochain-appel-doffre","status":"publish","type":"page","link":"https:\/\/blog.addap13.net\/insertion\/prochain-appel-doffre\/","title":{"rendered":"Prochain appel d&rsquo;offre"},"content":{"rendered":"<h2><span style=\"color: #000000\">Le prochain recrutement sur les chantiers d&rsquo;insertion de l&rsquo;AIAES Groupe ADDAP13 :<\/span><\/h2>\n<p><span style=\"color: #000000\">Ouverture de l&rsquo;Offre : au mois de novembre 2019<\/span><\/p>\n<p><span style=\"color: #ff0000\"><span style=\"color: #000000\">Pour les entretiens il faudra se munir de :<\/span><\/span><\/p>\n<ul>\n<li><span style=\"color: #ff0000\"><span style=\"color: #000000\">carte d&rsquo;identit\u00e9 ou titre de s\u00e9jour.<\/span><\/span><\/li>\n<li>Attestation RSA pour les b\u00e9n\u00e9ficiaires.<\/li>\n<li>attestation S\u00e9curit\u00e9 sociale<\/li>\n<\/ul>\n<p><span style=\"color: #000000\">si vous souhaitez postuler ou expliquer la proc\u00e9dure aller \u00e0 :<\/span>\u00a0<a href=\"http:\/\/blog.addap13.net\/insertion\/la-demarche\/\">http:\/\/blog.addap13.net\/insertion\/la-demarche\/<\/a><\/p>\n","protected":false},"excerpt":{"rendered":"<p>Le prochain recrutement sur les chantiers d&rsquo;insertion de l&rsquo;AIAES Groupe ADDAP13 : Ouverture de l&rsquo;Offre : au mois de novembre 2019 Pour les entretiens il faudra se munir de : carte d&rsquo;identit\u00e9 ou titre de s\u00e9jour. Attestation RSA pour les b\u00e9n\u00e9ficiaires. attestation S\u00e9curit\u00e9 sociale si vous souhaitez postuler ou expliquer la proc\u00e9dure aller \u00e0 :\u00a0http:\/\/blog.addap13.net\/insertion\/la-demarche\/<a class=\"button\" href=\"https:\/\/blog.addap13.net\/insertion\/prochain-appel-doffre\/\" title=\"Read More\">Read more<\/a><\/p>\n","protected":false},"author":20,"featured_media":0,"parent":0,"menu_order":0,"comment_status":"closed","ping_status":"closed","template":"","meta":{"footnotes":""},"class_list":["post-83","page","type-page","status-publish","hentry"],"_links":{"self":[{"href":"https:\/\/blog.addap13.net\/insertion\/wp-json\/wp\/v2\/pages\/83","targetHints":{"allow":["GET"]}}],"collection":[{"href":"https:\/\/blog.addap13.net\/insertion\/wp-json\/wp\/v2\/pages"}],"about":[{"href":"https:\/\/blog.addap13.net\/insertion\/wp-json\/wp\/v2\/types\/page"}],"author":[{"embeddable":true,"href":"https:\/\/blog.addap13.net\/insertion\/wp-json\/wp\/v2\/users\/20"}],"replies":[{"embeddable":true,"href":"https:\/\/blog.addap13.net\/insertion\/wp-json\/wp\/v2\/comments?post=83"}],"version-history":[{"count":32,"href":"https:\/\/blog.addap13.net\/insertion\/wp-json\/wp\/v2\/pages\/83\/revisions"}],"predecessor-version":[{"id":628,"href":"https:\/\/blog.addap13.net\/insertion\/wp-json\/wp\/v2\/pages\/83\/revisions\/628"}],"wp:attachment":[{"href":"https:\/\/blog.addap13.net\/insertion\/wp-json\/wp\/v2\/media?parent=83"}],"curies":[{"name":"wp","href":"https:\/\/api.w.org\/{rel}","templated":true}]}}