{"id":74,"date":"2015-10-27T17:33:09","date_gmt":"2015-10-27T16:33:09","guid":{"rendered":"http:\/\/blog.addap13.net\/insertion\/?page_id=74"},"modified":"2018-06-11T15:23:26","modified_gmt":"2018-06-11T13:23:26","slug":"voir-la-carte","status":"publish","type":"page","link":"https:\/\/blog.addap13.net\/insertion\/voir-la-carte\/","title":{"rendered":"Adresses utiles"},"content":{"rendered":"<h2><span style=\"text-decoration: underline;color: #000080\"><strong>Groupe ADDAP 13, le si\u00e8ge social :<\/strong><\/span><\/h2>\n<h3><span style=\"color: #000000\"><strong>15 ch. des jonquilles \u00a0\u00bb LE NAUTILE\u00a0\u00bb 13013 Marseille<\/strong><\/span><\/h3>\n<h3><span style=\"color: #000000\"><strong>C&rsquo;est un lieu important, c&rsquo;est \u00e0 cet endroit que nous recevons les salari\u00e9s pour la signature des contrats et pour les soldes de tous comptes. \u00a0C&rsquo;est aussi un lieu de vie important pour notre institution.<\/strong><\/span><\/h3>\n<h3><span style=\"color: #000000\"><strong> m\u00e9tro Frais Vallon, Bus 6 et 39.\u00a0<\/strong><\/span><\/h3>\n<p>[osm_map_v3 map_center=\u00a0\u00bb43.326,5.425&Prime; zoom=\u00a0\u00bb17&Prime; width=\u00a0\u00bb100%\u00a0\u00bb height=\u00a0\u00bb450&Prime; marker_latlon=\u00a0\u00bb43.32562,5.42487&Prime; marker_name=\u00a0\u00bbwpttemp-blue.png\u00a0\u00bb]<\/p>\n<h2>AIAES Groupe ADDAP13, Campagne l\u00e9v\u00eaque<\/h2>\n<h3><span style=\"color: #000000\"><strong>C&rsquo;est notre nouveau lieu. c&rsquo;est dans cet espace que nous organisons les ateliers et le suivi des salari\u00e9s. ancienne agence 13 habitat<\/strong><\/span><\/h3>\n<p>[osm_map_v3 map_center=\u00a0\u00bb43.3425,5.3536&Prime; zoom=\u00a0\u00bb18&Prime; width=\u00a0\u00bb100%\u00a0\u00bb height=\u00a0\u00bb450&Prime; map_border=\u00a0\u00bbthin solid blue\u00a0\u00bb post_markers=\u00a0\u00bb3&Prime;]<\/p>\n<p>bus : 70 arr\u00eat campagne l\u00e9v\u00eaque.<\/p>\n<h2><span style=\"text-decoration: underline;color: #000080\"><strong>AIAES Groupe ADDAP 13, L&rsquo;atelier du Mail :<\/strong><\/span><\/h2>\n<h3><span style=\"color: #000000\">65 avenue Raimu 13014 Marseille<\/span><\/h3>\n<h3><span style=\"color: #000000\"><strong>C&rsquo;est dans cette endroit historique de l&rsquo;ADDAP13 que nous organisons l&rsquo;atelier de r\u00e9paration et de fabrication des volets.\u00a0<\/strong><\/span><\/h3>\n<h3><span style=\"color: #000000\"><strong>Bus 27, 33, 38 et 53 arr\u00eat Coll\u00e8ge Manet<\/strong><\/span><\/h3>\n<p>[osm_map_v3 map_center=\u00a0\u00bb43.334,5.399&Prime; zoom=\u00a0\u00bb16&Prime; width=\u00a0\u00bb100%\u00a0\u00bb height=\u00a0\u00bb450&Prime; marker_latlon=\u00a0\u00bb43.33414,5.39845&Prime; marker_name=\u00a0\u00bbwpttemp-blue.png\u00a0\u00bb]<\/p>\n<h2><span style=\"text-decoration: underline;color: #000080\"><strong>La Maison des Familles :\u00a0<\/strong><\/span><\/h2>\n<h3><span style=\"color: #000000\">Avenue Salvador Allende, 13014 Marseille<\/span><\/h3>\n<h3><span style=\"color: #000000\"><strong>Nous organisons les journ\u00e9es de recrutements et l&rsquo;op\u00e9ration Renfort (Rencontre Formation).<\/strong><\/span><\/h3>\n<h3><span style=\"color: #000000\"><strong>Arr\u00eat M\u00e9rim\u00e9e Corot ou Th\u00e9\u00e2tre du Merlan bus 32, 34 ou 53, Gare TER de Picon<\/strong><\/span><\/h3>\n<p>[osm_map_v3 map_center=\u00a0\u00bb43.33,5.393&Prime; zoom=\u00a0\u00bb16&Prime; width=\u00a0\u00bb100%\u00a0\u00bb height=\u00a0\u00bb450&Prime; marker_latlon=\u00a0\u00bb43.3295,5.39336&Prime; marker_name=\u00a0\u00bbwpttemp-green.png\u00a0\u00bb]<\/p>\n<p>&nbsp;<\/p>\n<h2><span style=\"color: #0000ff\">Le centre social des Flamant<\/span>:<\/h2>\n<p>10 Avenue Alexandre Ansaldi, \u00a0Arr\u00eat Ansaldi \/Javi ou Braque\/flamants avec le 53 et arr\u00eat Flamants \/Iris avec le 38<\/p>\n<div id=\"ShortCode_Div\">[osm_map_v3 map_center=\u00a0\u00bb43.334,5.401&Prime; zoom=\u00a0\u00bb17&Prime; width=\u00a0\u00bb100%\u00a0\u00bb height=\u00a0\u00bb450&Prime; control=\u00a0\u00bbscaleline\u00a0\u00bb]<\/div>\n<p>&nbsp;<\/p>\n<h2><span style=\"text-decoration: underline;color: #0000ff\"><strong>P\u00f4le emploi de la belle de mai :<\/strong><\/span><\/h2>\n<h3><span style=\"color: #000000\"><strong>28 rue Jobin\u00a0<\/strong><\/span><\/h3>\n<h3><span style=\"color: #000000\">notre partenaire p\u00f4le emploi sur les chantiers d&rsquo;insertion. A l&rsquo;initiative de p\u00f4le emploi, nous y organisons en d\u00e9but de chantier une r\u00e9union d&rsquo;information.<\/span><\/h3>\n<div id=\"ShortCode_Div\">[osm_map_v3 map_center=\u00a0\u00bb43.311,5.388&Prime; zoom=\u00a0\u00bb18&Prime; width=\u00a0\u00bb100%\u00a0\u00bb height=\u00a0\u00bb450&Prime; marker_latlon=\u00a0\u00bb43.31131,5.38834&Prime; marker_name=\u00a0\u00bbmic_black_pinother_02.png\u00a0\u00bb]<\/div>\n<div><\/div>\n<h3><span style=\"color: #000000\">Bus 49 ligne R\u00e9form\u00e9s-centre bourse et bus 52 ligne metro Timone-belle de mai<\/span><\/h3>\n<h3><span style=\"color: #000000\">arr\u00eat friche de la belle de mai.<\/span><\/h3>\n","protected":false},"excerpt":{"rendered":"<p>Groupe ADDAP 13, le si\u00e8ge social : 15 ch. des jonquilles \u00a0\u00bb LE NAUTILE\u00a0\u00bb 13013 Marseille C&rsquo;est un lieu important, c&rsquo;est \u00e0 cet endroit que nous recevons les salari\u00e9s pour la signature des contrats et pour les soldes de tous comptes. \u00a0C&rsquo;est aussi un lieu de vie important pour notre institution. m\u00e9tro Frais Vallon, Bus<a class=\"button\" href=\"https:\/\/blog.addap13.net\/insertion\/voir-la-carte\/\" title=\"Read More\">Read more<\/a><\/p>\n","protected":false},"author":20,"featured_media":0,"parent":0,"menu_order":0,"comment_status":"closed","ping_status":"closed","template":"","meta":{"footnotes":""},"class_list":["post-74","page","type-page","status-publish","hentry"],"_links":{"self":[{"href":"https:\/\/blog.addap13.net\/insertion\/wp-json\/wp\/v2\/pages\/74","targetHints":{"allow":["GET"]}}],"collection":[{"href":"https:\/\/blog.addap13.net\/insertion\/wp-json\/wp\/v2\/pages"}],"about":[{"href":"https:\/\/blog.addap13.net\/insertion\/wp-json\/wp\/v2\/types\/page"}],"author":[{"embeddable":true,"href":"https:\/\/blog.addap13.net\/insertion\/wp-json\/wp\/v2\/users\/20"}],"replies":[{"embeddable":true,"href":"https:\/\/blog.addap13.net\/insertion\/wp-json\/wp\/v2\/comments?post=74"}],"version-history":[{"count":29,"href":"https:\/\/blog.addap13.net\/insertion\/wp-json\/wp\/v2\/pages\/74\/revisions"}],"predecessor-version":[{"id":551,"href":"https:\/\/blog.addap13.net\/insertion\/wp-json\/wp\/v2\/pages\/74\/revisions\/551"}],"wp:attachment":[{"href":"https:\/\/blog.addap13.net\/insertion\/wp-json\/wp\/v2\/media?parent=74"}],"curies":[{"name":"wp","href":"https:\/\/api.w.org\/{rel}","templated":true}]}}