{"id":56,"date":"2015-10-20T17:18:00","date_gmt":"2015-10-20T16:18:00","guid":{"rendered":"http:\/\/blog.addap13.net\/insertion\/?page_id=56"},"modified":"2019-02-01T10:34:11","modified_gmt":"2019-02-01T09:34:11","slug":"la-liste-de-nos-chantiers","status":"publish","type":"page","link":"https:\/\/blog.addap13.net\/insertion\/la-liste-de-nos-chantiers\/","title":{"rendered":"La liste de nos chantiers"},"content":{"rendered":"<h1>Chantier SNCF :<\/h1>\n<p>Chantier qui a d\u00e9but\u00e9 en d\u00e9cembre 2018. Chantier qui tourne sur plusieurs aspects, nettoyage et triage, entretien d&rsquo;espace vert, tester des mod\u00e8les d&rsquo;intervention pour \u00e9viter les produits toxiques pour la nature et entretien, propret\u00e9 de certains locaux. ce projet r\u00e9cent est itin\u00e9rant. Nous avons commenc\u00e9 par nettoyer et trier les d\u00e9chet dans une zone ferroviaire de l&rsquo;Estaque.<\/p>\n<p><a href=\"http:\/\/blog.addap13.net\/insertion\/wp-content\/uploads\/sites\/14\/2019\/02\/20181210_101334.jpg\"><img loading=\"lazy\" decoding=\"async\" class=\"alignnone wp-image-612\" src=\"http:\/\/blog.addap13.net\/insertion\/wp-content\/uploads\/sites\/14\/2019\/02\/20181210_101334-300x225.jpg\" alt=\"\" width=\"212\" height=\"159\" srcset=\"https:\/\/blog.addap13.net\/insertion\/wp-content\/uploads\/sites\/14\/2019\/02\/20181210_101334-300x225.jpg 300w, https:\/\/blog.addap13.net\/insertion\/wp-content\/uploads\/sites\/14\/2019\/02\/20181210_101334-768x576.jpg 768w, https:\/\/blog.addap13.net\/insertion\/wp-content\/uploads\/sites\/14\/2019\/02\/20181210_101334-1024x768.jpg 1024w, https:\/\/blog.addap13.net\/insertion\/wp-content\/uploads\/sites\/14\/2019\/02\/20181210_101334-200x150.jpg 200w\" sizes=\"auto, (max-width: 212px) 100vw, 212px\" \/><\/a> <a href=\"http:\/\/blog.addap13.net\/insertion\/wp-content\/uploads\/sites\/14\/2019\/02\/20181217_110738.jpg\"><img loading=\"lazy\" decoding=\"async\" class=\"alignnone wp-image-613\" src=\"http:\/\/blog.addap13.net\/insertion\/wp-content\/uploads\/sites\/14\/2019\/02\/20181217_110738-300x225.jpg\" alt=\"\" width=\"212\" height=\"159\" srcset=\"https:\/\/blog.addap13.net\/insertion\/wp-content\/uploads\/sites\/14\/2019\/02\/20181217_110738-300x225.jpg 300w, https:\/\/blog.addap13.net\/insertion\/wp-content\/uploads\/sites\/14\/2019\/02\/20181217_110738-768x576.jpg 768w, https:\/\/blog.addap13.net\/insertion\/wp-content\/uploads\/sites\/14\/2019\/02\/20181217_110738-1024x768.jpg 1024w, https:\/\/blog.addap13.net\/insertion\/wp-content\/uploads\/sites\/14\/2019\/02\/20181217_110738-200x150.jpg 200w\" sizes=\"auto, (max-width: 212px) 100vw, 212px\" \/><\/a> <a href=\"http:\/\/blog.addap13.net\/insertion\/wp-content\/uploads\/sites\/14\/2019\/02\/20181210_153342.jpg\"><img loading=\"lazy\" decoding=\"async\" class=\"alignnone wp-image-614\" src=\"http:\/\/blog.addap13.net\/insertion\/wp-content\/uploads\/sites\/14\/2019\/02\/20181210_153342-300x225.jpg\" alt=\"\" width=\"215\" height=\"161\" srcset=\"https:\/\/blog.addap13.net\/insertion\/wp-content\/uploads\/sites\/14\/2019\/02\/20181210_153342-300x225.jpg 300w, https:\/\/blog.addap13.net\/insertion\/wp-content\/uploads\/sites\/14\/2019\/02\/20181210_153342-768x576.jpg 768w, https:\/\/blog.addap13.net\/insertion\/wp-content\/uploads\/sites\/14\/2019\/02\/20181210_153342-1024x768.jpg 1024w, https:\/\/blog.addap13.net\/insertion\/wp-content\/uploads\/sites\/14\/2019\/02\/20181210_153342-200x150.jpg 200w\" sizes=\"auto, (max-width: 215px) 100vw, 215px\" \/><\/a> <a href=\"http:\/\/blog.addap13.net\/insertion\/wp-content\/uploads\/sites\/14\/2019\/02\/20190114_085006.jpg\"><img loading=\"lazy\" decoding=\"async\" class=\"alignnone wp-image-615\" src=\"http:\/\/blog.addap13.net\/insertion\/wp-content\/uploads\/sites\/14\/2019\/02\/20190114_085006-300x300.jpg\" alt=\"\" width=\"139\" height=\"139\" srcset=\"https:\/\/blog.addap13.net\/insertion\/wp-content\/uploads\/sites\/14\/2019\/02\/20190114_085006-300x300.jpg 300w, https:\/\/blog.addap13.net\/insertion\/wp-content\/uploads\/sites\/14\/2019\/02\/20190114_085006-150x150.jpg 150w, https:\/\/blog.addap13.net\/insertion\/wp-content\/uploads\/sites\/14\/2019\/02\/20190114_085006-768x768.jpg 768w, https:\/\/blog.addap13.net\/insertion\/wp-content\/uploads\/sites\/14\/2019\/02\/20190114_085006-1024x1024.jpg 1024w, https:\/\/blog.addap13.net\/insertion\/wp-content\/uploads\/sites\/14\/2019\/02\/20190114_085006-50x50.jpg 50w\" sizes=\"auto, (max-width: 139px) 100vw, 139px\" \/><\/a><\/p>\n<p>Nous sommes actuellement sur Miramas pour faire du d\u00e9broussaillement :<\/p>\n<p><a href=\"http:\/\/blog.addap13.net\/insertion\/wp-content\/uploads\/sites\/14\/2019\/02\/20190129_133108.jpg\"><img loading=\"lazy\" decoding=\"async\" class=\"alignnone wp-image-616\" src=\"http:\/\/blog.addap13.net\/insertion\/wp-content\/uploads\/sites\/14\/2019\/02\/20190129_133108-300x300.jpg\" alt=\"\" width=\"184\" height=\"184\" srcset=\"https:\/\/blog.addap13.net\/insertion\/wp-content\/uploads\/sites\/14\/2019\/02\/20190129_133108-300x300.jpg 300w, https:\/\/blog.addap13.net\/insertion\/wp-content\/uploads\/sites\/14\/2019\/02\/20190129_133108-150x150.jpg 150w, https:\/\/blog.addap13.net\/insertion\/wp-content\/uploads\/sites\/14\/2019\/02\/20190129_133108-768x768.jpg 768w, https:\/\/blog.addap13.net\/insertion\/wp-content\/uploads\/sites\/14\/2019\/02\/20190129_133108-1024x1024.jpg 1024w, https:\/\/blog.addap13.net\/insertion\/wp-content\/uploads\/sites\/14\/2019\/02\/20190129_133108-50x50.jpg 50w\" sizes=\"auto, (max-width: 184px) 100vw, 184px\" \/><\/a> <a href=\"http:\/\/blog.addap13.net\/insertion\/wp-content\/uploads\/sites\/14\/2019\/02\/20190129_133338.jpg\"><img loading=\"lazy\" decoding=\"async\" class=\"alignnone wp-image-617\" src=\"http:\/\/blog.addap13.net\/insertion\/wp-content\/uploads\/sites\/14\/2019\/02\/20190129_133338-300x300.jpg\" alt=\"\" width=\"155\" height=\"155\" srcset=\"https:\/\/blog.addap13.net\/insertion\/wp-content\/uploads\/sites\/14\/2019\/02\/20190129_133338-300x300.jpg 300w, https:\/\/blog.addap13.net\/insertion\/wp-content\/uploads\/sites\/14\/2019\/02\/20190129_133338-150x150.jpg 150w, https:\/\/blog.addap13.net\/insertion\/wp-content\/uploads\/sites\/14\/2019\/02\/20190129_133338-768x768.jpg 768w, https:\/\/blog.addap13.net\/insertion\/wp-content\/uploads\/sites\/14\/2019\/02\/20190129_133338-1024x1024.jpg 1024w, https:\/\/blog.addap13.net\/insertion\/wp-content\/uploads\/sites\/14\/2019\/02\/20190129_133338-50x50.jpg 50w\" sizes=\"auto, (max-width: 155px) 100vw, 155px\" \/><\/a> <a href=\"http:\/\/blog.addap13.net\/insertion\/wp-content\/uploads\/sites\/14\/2019\/02\/20190129_133609.jpg\"><img loading=\"lazy\" decoding=\"async\" class=\"alignnone wp-image-618\" src=\"http:\/\/blog.addap13.net\/insertion\/wp-content\/uploads\/sites\/14\/2019\/02\/20190129_133609-300x300.jpg\" alt=\"\" width=\"158\" height=\"158\" srcset=\"https:\/\/blog.addap13.net\/insertion\/wp-content\/uploads\/sites\/14\/2019\/02\/20190129_133609-300x300.jpg 300w, https:\/\/blog.addap13.net\/insertion\/wp-content\/uploads\/sites\/14\/2019\/02\/20190129_133609-150x150.jpg 150w, https:\/\/blog.addap13.net\/insertion\/wp-content\/uploads\/sites\/14\/2019\/02\/20190129_133609-768x768.jpg 768w, https:\/\/blog.addap13.net\/insertion\/wp-content\/uploads\/sites\/14\/2019\/02\/20190129_133609-1024x1024.jpg 1024w, https:\/\/blog.addap13.net\/insertion\/wp-content\/uploads\/sites\/14\/2019\/02\/20190129_133609-50x50.jpg 50w\" sizes=\"auto, (max-width: 158px) 100vw, 158px\" \/><\/a><\/p>\n<h1><\/h1>\n<h1><span style=\"color: #000080\"><strong>St joseph, petit <\/strong><\/span><span style=\"color: #000080\"><strong>S\u00e9minaire et la Renaude\u00a0<\/strong><\/span><\/h1>\n<h3><span style=\"color: #000000\">Depuis 4 ans, nous sommes sur le quartier de Saint Joseph Vieux Moulin. cette cit\u00e9 entour\u00e9e de campagne fait partie du programme ANRU. les travaux demand\u00e9s par le logeur HMP tournent beaucoup autour des espaces vert, de la petite ma\u00e7onnerie et du nettoyage. C&rsquo;est malheureusement le seul chantier pour lequel nous n&rsquo;avons pas de local. Nous intervenons depuis quelques temps sur le Petit S\u00e9minaire et sur la Renaude en accord avec HMP et la DIRECCTE. l&rsquo;intervention conjointe pr\u00e9vention, m\u00e9diation et insertion sur ces nouveaux sites est plut\u00f4t bien per\u00e7ue par les habitants et le bailleur. Nos interventions se passent par tranche de 2 semaines par cit\u00e9.<\/span><\/h3>\n<p><a href=\"http:\/\/blog.addap13.net\/insertion\/wp-content\/uploads\/sites\/14\/2015\/10\/IMG_3692.jpg\"><img loading=\"lazy\" decoding=\"async\" class=\"alignnone size-medium wp-image-70\" src=\"http:\/\/blog.addap13.net\/insertion\/wp-content\/uploads\/sites\/14\/2015\/10\/IMG_3692-300x225.jpg\" alt=\"IMG_3692\" width=\"300\" height=\"225\" srcset=\"https:\/\/blog.addap13.net\/insertion\/wp-content\/uploads\/sites\/14\/2015\/10\/IMG_3692-300x225.jpg 300w, https:\/\/blog.addap13.net\/insertion\/wp-content\/uploads\/sites\/14\/2015\/10\/IMG_3692-1024x768.jpg 1024w, https:\/\/blog.addap13.net\/insertion\/wp-content\/uploads\/sites\/14\/2015\/10\/IMG_3692.jpg 1280w\" sizes=\"auto, (max-width: 300px) 100vw, 300px\" \/><\/a> <a href=\"http:\/\/blog.addap13.net\/insertion\/wp-content\/uploads\/sites\/14\/2015\/10\/IMG_9129.jpg\"><img loading=\"lazy\" decoding=\"async\" class=\"alignnone size-medium wp-image-71\" src=\"http:\/\/blog.addap13.net\/insertion\/wp-content\/uploads\/sites\/14\/2015\/10\/IMG_9129-300x225.jpg\" alt=\"IMG_9129\" width=\"300\" height=\"225\" srcset=\"https:\/\/blog.addap13.net\/insertion\/wp-content\/uploads\/sites\/14\/2015\/10\/IMG_9129-300x225.jpg 300w, https:\/\/blog.addap13.net\/insertion\/wp-content\/uploads\/sites\/14\/2015\/10\/IMG_9129-1024x768.jpg 1024w, https:\/\/blog.addap13.net\/insertion\/wp-content\/uploads\/sites\/14\/2015\/10\/IMG_9129.jpg 1280w\" sizes=\"auto, (max-width: 300px) 100vw, 300px\" \/><\/a><\/p>\n<h3><span style=\"color: #000000\"><strong>Arr\u00eat Saint Joseph Bus 27, 28 et 31<\/strong><\/span><\/h3>\n<p>[osm_map_v3 map_center=\u00a0\u00bb43.346,5.386&Prime; zoom=\u00a0\u00bb16&Prime; width=\u00a0\u00bb100%\u00a0\u00bb height=\u00a0\u00bb450&Prime; marker_latlon=\u00a0\u00bb43.34602,5.38472&Prime; marker_name=\u00a0\u00bbmic_black_pinother_02.png\u00a0\u00bb]<\/p>\n<h1><span style=\"color: #000080\"><strong>Chantier de la Paternelle :<\/strong><\/span><\/h1>\n<h3><span style=\"color: #000000\">c&rsquo;est en janvier 2014 que le chantier de la Paternelle a commenc\u00e9. Marseille Habitat qui est le logeur, nous sollicite pour faire des travaux de peinture, de ma\u00e7onnerie et un petit peu de ferronnerie. les \u00e9ducateurs passent r\u00e9guli\u00e8rement et participent au bon d\u00e9roulement du chantier. Nous sommes r\u00e9guli\u00e8rement invit\u00e9s sur le collectif partenaires avec le CCO st Marthe.\u00a0<\/span><\/h3>\n<p><a href=\"http:\/\/blog.addap13.net\/insertion\/wp-content\/uploads\/sites\/14\/2015\/10\/IMG_2976.jpg\"><img loading=\"lazy\" decoding=\"async\" class=\"alignnone size-medium wp-image-112\" src=\"http:\/\/blog.addap13.net\/insertion\/wp-content\/uploads\/sites\/14\/2015\/10\/IMG_2976-300x225.jpg\" alt=\"IMG_2976\" width=\"300\" height=\"225\" srcset=\"https:\/\/blog.addap13.net\/insertion\/wp-content\/uploads\/sites\/14\/2015\/10\/IMG_2976-300x225.jpg 300w, https:\/\/blog.addap13.net\/insertion\/wp-content\/uploads\/sites\/14\/2015\/10\/IMG_2976-1024x768.jpg 1024w, https:\/\/blog.addap13.net\/insertion\/wp-content\/uploads\/sites\/14\/2015\/10\/IMG_2976.jpg 1280w\" sizes=\"auto, (max-width: 300px) 100vw, 300px\" \/><\/a> <a href=\"http:\/\/blog.addap13.net\/insertion\/wp-content\/uploads\/sites\/14\/2015\/10\/IMG_3403.jpg\"><img loading=\"lazy\" decoding=\"async\" class=\"alignnone size-medium wp-image-113\" src=\"http:\/\/blog.addap13.net\/insertion\/wp-content\/uploads\/sites\/14\/2015\/10\/IMG_3403-300x225.jpg\" alt=\"IMG_3403\" width=\"300\" height=\"225\" srcset=\"https:\/\/blog.addap13.net\/insertion\/wp-content\/uploads\/sites\/14\/2015\/10\/IMG_3403-300x225.jpg 300w, https:\/\/blog.addap13.net\/insertion\/wp-content\/uploads\/sites\/14\/2015\/10\/IMG_3403-1024x768.jpg 1024w, https:\/\/blog.addap13.net\/insertion\/wp-content\/uploads\/sites\/14\/2015\/10\/IMG_3403.jpg 1280w\" sizes=\"auto, (max-width: 300px) 100vw, 300px\" \/><\/a><\/p>\n<h3><span style=\"color: #000000\"><strong>Bus arr\u00eat Nungesser : 27, 28 et 31<\/strong><\/span><\/h3>\n<p>[osm_map_v3 map_center=\u00a0\u00bb43.34,5.383&Prime; zoom=\u00a0\u00bb16&Prime; width=\u00a0\u00bb100%\u00a0\u00bb height=\u00a0\u00bb450&Prime; marker_latlon=\u00a0\u00bb43.33976,5.38317&Prime; marker_name=\u00a0\u00bbmic_black_pinother_02.png\u00a0\u00bb]<\/p>\n<h1><span style=\"color: #000080\"><strong>Picon &#8211; Busserine:<\/strong><\/span><\/h1>\n<h3><span style=\"color: #000000\">Logirem nous sollicite sur ces 2 cit\u00e9s au c\u0153ur du 14\u00e8me arrondissement. le secteur d&rsquo;intervention est en plein r\u00e9habilitation ANRU. Les travaux demand\u00e9s sont peinture, petite ma\u00e7onnerie, espaces verts et nettoyage (gare de Picon et encombrants). Nous sommes sollicit\u00e9s sur ce site pour intervenir sur le r\u00e9am\u00e9nagement des caves.\u00a0<\/span><\/h3>\n<p><a href=\"http:\/\/blog.addap13.net\/insertion\/wp-content\/uploads\/sites\/14\/2015\/10\/2015-01-12-09.22.51.jpg\"><img loading=\"lazy\" decoding=\"async\" class=\" wp-image-116\" src=\"http:\/\/blog.addap13.net\/insertion\/wp-content\/uploads\/sites\/14\/2015\/10\/2015-01-12-09.22.51-300x225.jpg\" alt=\"SAMSUNG\" width=\"259\" height=\"194\" srcset=\"https:\/\/blog.addap13.net\/insertion\/wp-content\/uploads\/sites\/14\/2015\/10\/2015-01-12-09.22.51-300x225.jpg 300w, https:\/\/blog.addap13.net\/insertion\/wp-content\/uploads\/sites\/14\/2015\/10\/2015-01-12-09.22.51-1024x768.jpg 1024w, https:\/\/blog.addap13.net\/insertion\/wp-content\/uploads\/sites\/14\/2015\/10\/2015-01-12-09.22.51.jpg 1280w\" sizes=\"auto, (max-width: 259px) 100vw, 259px\" \/><\/a>\u00a0\u00a0<img loading=\"lazy\" decoding=\"async\" class=\"wp-image-117 alignleft\" src=\"http:\/\/blog.addap13.net\/insertion\/wp-content\/uploads\/sites\/14\/2015\/10\/2015-01-26-09.29.50-300x225.jpg\" alt=\"SAMSUNG\" width=\"249\" height=\"187\" srcset=\"https:\/\/blog.addap13.net\/insertion\/wp-content\/uploads\/sites\/14\/2015\/10\/2015-01-26-09.29.50-300x225.jpg 300w, https:\/\/blog.addap13.net\/insertion\/wp-content\/uploads\/sites\/14\/2015\/10\/2015-01-26-09.29.50-1024x768.jpg 1024w, https:\/\/blog.addap13.net\/insertion\/wp-content\/uploads\/sites\/14\/2015\/10\/2015-01-26-09.29.50.jpg 1280w\" sizes=\"auto, (max-width: 249px) 100vw, 249px\" \/><\/p>\n<h3><span style=\"color: #000000\">TER gare de Picon, Bus arr\u00eat Busserine HLM 27, 33 et 53 ou Arr\u00eat Sainte Marthe le camp 28, 31, 33 et 38<\/span><\/h3>\n<p>[osm_map_v3 map_center=\u00a0\u00bb43.331,5.393&Prime; zoom=\u00a0\u00bb16&Prime; width=\u00a0\u00bb100%\u00a0\u00bb height=\u00a0\u00bb450&Prime; marker_latlon=\u00a0\u00bb43.33126,5.3925&Prime; marker_name=\u00a0\u00bbmic_green_pinother_02.png\u00a0\u00bb]<\/p>\n<h1><span style=\"color: #000080\">La Castellane:<\/span><\/h1>\n<h3><span style=\"color: #000000\">le chantier a d\u00e9marr\u00e9 en novembre 2014. C&rsquo;est le syndicat Erilia qui nous donne les instructions. les travaux sont sur les parties communes ext\u00e9rieur. Nous avons particip\u00e9 \u00e0 un chantier \u00e9ducatif avec l&rsquo;\u00e9quipe \u00e9ducative. Les m\u00e9diateurs participent aussi \u00e0 l&rsquo;information et la communication des chantiers d&rsquo;insertion.\u00a0<\/span><\/h3>\n<p><a href=\"http:\/\/blog.addap13.net\/insertion\/wp-content\/uploads\/sites\/14\/2015\/10\/IMG_20150721_111311_1.jpg\"><img loading=\"lazy\" decoding=\"async\" class=\"alignnone size-medium wp-image-123\" src=\"http:\/\/blog.addap13.net\/insertion\/wp-content\/uploads\/sites\/14\/2015\/10\/IMG_20150721_111311_1-225x300.jpg\" alt=\"IMG_20150721_111311_1\" width=\"225\" height=\"300\" srcset=\"https:\/\/blog.addap13.net\/insertion\/wp-content\/uploads\/sites\/14\/2015\/10\/IMG_20150721_111311_1-225x300.jpg 225w, https:\/\/blog.addap13.net\/insertion\/wp-content\/uploads\/sites\/14\/2015\/10\/IMG_20150721_111311_1-768x1024.jpg 768w, https:\/\/blog.addap13.net\/insertion\/wp-content\/uploads\/sites\/14\/2015\/10\/IMG_20150721_111311_1.jpg 1280w\" sizes=\"auto, (max-width: 225px) 100vw, 225px\" \/><\/a> <a href=\"http:\/\/blog.addap13.net\/insertion\/wp-content\/uploads\/sites\/14\/2015\/10\/IMG_20150902_085823_1.jpg\"><img loading=\"lazy\" decoding=\"async\" class=\"alignnone size-medium wp-image-124\" src=\"http:\/\/blog.addap13.net\/insertion\/wp-content\/uploads\/sites\/14\/2015\/10\/IMG_20150902_085823_1-225x300.jpg\" alt=\"IMG_20150902_085823_1\" width=\"225\" height=\"300\" srcset=\"https:\/\/blog.addap13.net\/insertion\/wp-content\/uploads\/sites\/14\/2015\/10\/IMG_20150902_085823_1-225x300.jpg 225w, https:\/\/blog.addap13.net\/insertion\/wp-content\/uploads\/sites\/14\/2015\/10\/IMG_20150902_085823_1-768x1024.jpg 768w, https:\/\/blog.addap13.net\/insertion\/wp-content\/uploads\/sites\/14\/2015\/10\/IMG_20150902_085823_1.jpg 1536w\" sizes=\"auto, (max-width: 225px) 100vw, 225px\" \/><\/a><\/p>\n<h3><span style=\"color: #000000\"><strong>Bus 25 de Bougainville, arr\u00eat la Castellane.\u00a0<\/strong><\/span><\/h3>\n<p>[osm_map_v3 map_center=\u00a0\u00bb43.367,5.341&Prime; zoom=\u00a0\u00bb17&Prime; width=\u00a0\u00bb100%\u00a0\u00bb height=\u00a0\u00bb450&Prime; marker_latlon=\u00a0\u00bb43.36657,5.34072&Prime; marker_name=\u00a0\u00bbmic_green_pinother_02.png\u00a0\u00bb]<\/p>\n<h1><span style=\"color: #000080\">Felix-Pyat:<\/span><\/h1>\n<h3><span style=\"color: #000000\">c&rsquo;est le chantier le plus r\u00e9cent. il a d\u00e9but\u00e9 en juillet 2015. c&rsquo;est une copropri\u00e9t\u00e9 avec Marseille Habitat et Logirem. Nous avons \u00e0 ce jour des soucis de jets d&rsquo;objets par les fen\u00eatres. les travaux de propret\u00e9 et de peinture participe \u00e0 l&rsquo;am\u00e9lioration de la vie du quartier. Les \u00e9ducateurs et les m\u00e9diateurs passent r\u00e9guli\u00e8rement.\u00a0<\/span><\/h3>\n<p><a href=\"http:\/\/blog.addap13.net\/insertion\/wp-content\/uploads\/sites\/14\/2015\/10\/IMG_4995.jpg\"><img loading=\"lazy\" decoding=\"async\" class=\"alignnone size-medium wp-image-42\" src=\"http:\/\/blog.addap13.net\/insertion\/wp-content\/uploads\/sites\/14\/2015\/10\/IMG_4995-300x225.jpg\" alt=\"IMG_4995\" width=\"300\" height=\"225\" srcset=\"https:\/\/blog.addap13.net\/insertion\/wp-content\/uploads\/sites\/14\/2015\/10\/IMG_4995-300x225.jpg 300w, https:\/\/blog.addap13.net\/insertion\/wp-content\/uploads\/sites\/14\/2015\/10\/IMG_4995-1024x768.jpg 1024w, https:\/\/blog.addap13.net\/insertion\/wp-content\/uploads\/sites\/14\/2015\/10\/IMG_4995.jpg 1280w\" sizes=\"auto, (max-width: 300px) 100vw, 300px\" \/><\/a> <a href=\"http:\/\/blog.addap13.net\/insertion\/wp-content\/uploads\/sites\/14\/2015\/10\/FP-BLOG1.jpg\"><img loading=\"lazy\" decoding=\"async\" class=\"alignnone size-medium wp-image-34\" src=\"http:\/\/blog.addap13.net\/insertion\/wp-content\/uploads\/sites\/14\/2015\/10\/FP-BLOG1-300x225.jpg\" alt=\"FP BLOG\" width=\"300\" height=\"225\" srcset=\"https:\/\/blog.addap13.net\/insertion\/wp-content\/uploads\/sites\/14\/2015\/10\/FP-BLOG1-300x225.jpg 300w, https:\/\/blog.addap13.net\/insertion\/wp-content\/uploads\/sites\/14\/2015\/10\/FP-BLOG1-1024x768.jpg 1024w, https:\/\/blog.addap13.net\/insertion\/wp-content\/uploads\/sites\/14\/2015\/10\/FP-BLOG1.jpg 1280w\" sizes=\"auto, (max-width: 300px) 100vw, 300px\" \/><\/a><\/p>\n<h3><span style=\"color: #000000\">Metro Bougainville ou National, Bus 88,89 et 530<\/span><\/h3>\n<p>[osm_map_v3 map_center=\u00a0\u00bb43.318,5.374&Prime; zoom=\u00a0\u00bb14&Prime; width=\u00a0\u00bb100%\u00a0\u00bb height=\u00a0\u00bb450&Prime; marker_latlon=\u00a0\u00bb43.31809,5.37338&Prime; marker_name=\u00a0\u00bbmic_red_pinother_02.png\u00a0\u00bb]<\/p>\n<p>&nbsp;<\/p>\n","protected":false},"excerpt":{"rendered":"<p>Chantier SNCF : Chantier qui a d\u00e9but\u00e9 en d\u00e9cembre 2018. Chantier qui tourne sur plusieurs aspects, nettoyage et triage, entretien d&rsquo;espace vert, tester des mod\u00e8les d&rsquo;intervention pour \u00e9viter les produits toxiques pour la nature et entretien, propret\u00e9 de certains locaux. ce projet r\u00e9cent est itin\u00e9rant. Nous avons commenc\u00e9 par nettoyer et trier les d\u00e9chet dans<a class=\"button\" href=\"https:\/\/blog.addap13.net\/insertion\/la-liste-de-nos-chantiers\/\" title=\"Read More\">Read more<\/a><\/p>\n","protected":false},"author":20,"featured_media":0,"parent":0,"menu_order":0,"comment_status":"closed","ping_status":"closed","template":"","meta":{"footnotes":""},"class_list":["post-56","page","type-page","status-publish","hentry"],"_links":{"self":[{"href":"https:\/\/blog.addap13.net\/insertion\/wp-json\/wp\/v2\/pages\/56","targetHints":{"allow":["GET"]}}],"collection":[{"href":"https:\/\/blog.addap13.net\/insertion\/wp-json\/wp\/v2\/pages"}],"about":[{"href":"https:\/\/blog.addap13.net\/insertion\/wp-json\/wp\/v2\/types\/page"}],"author":[{"embeddable":true,"href":"https:\/\/blog.addap13.net\/insertion\/wp-json\/wp\/v2\/users\/20"}],"replies":[{"embeddable":true,"href":"https:\/\/blog.addap13.net\/insertion\/wp-json\/wp\/v2\/comments?post=56"}],"version-history":[{"count":21,"href":"https:\/\/blog.addap13.net\/insertion\/wp-json\/wp\/v2\/pages\/56\/revisions"}],"predecessor-version":[{"id":619,"href":"https:\/\/blog.addap13.net\/insertion\/wp-json\/wp\/v2\/pages\/56\/revisions\/619"}],"wp:attachment":[{"href":"https:\/\/blog.addap13.net\/insertion\/wp-json\/wp\/v2\/media?parent=56"}],"curies":[{"name":"wp","href":"https:\/\/api.w.org\/{rel}","templated":true}]}}