{"id":54,"date":"2015-10-20T11:15:32","date_gmt":"2015-10-20T10:15:32","guid":{"rendered":"http:\/\/blog.addap13.net\/insertion\/?page_id=54"},"modified":"2017-08-30T15:56:17","modified_gmt":"2017-08-30T13:56:17","slug":"un-service-de-laddap13","status":"publish","type":"page","link":"https:\/\/blog.addap13.net\/insertion\/un-service-de-laddap13\/","title":{"rendered":"Une Association du Groupe ADDAP13"},"content":{"rendered":"<h2>LES PASSERELLES Groupe ADDAP 13 :<\/h2>\n<p><span style=\"color: #000000\">L\u2019outil chantier d\u2019insertion existe depuis 5 ans, c\u2019est un r\u00e9el outil pour la pr\u00e9vention sp\u00e9cialis\u00e9e qui envoie sur ce dispositif une vingtaine de personnes par recrutement.<\/span><\/p>\n<p><span style=\"color: #000000\">Le bon d\u00e9roulement des chantiers est d\u00fb entre autre \u00e0 la pr\u00e9sence r\u00e9guli\u00e8re des \u00e9ducateurs ADDAP 13 et des m\u00e9diateurs \u00a0de AMCS- Groupe ADDAP13, \u00a0sur ces secteurs et \u00e0 leur connaissance du territoire et\u00a0 des partenaires.<\/span><\/p>\n<p><span style=\"color: #000000\">La proximit\u00e9 des \u00e9quipes de pr\u00e9vention, de m\u00e9diation et des chantiers d\u2019insertion est tr\u00e8s importante pour la coh\u00e9rence d\u2019intervention, pour le liant avec les habitants et pour l\u2019accompagnement des salari\u00e9s vers l\u2019autonomie et pour une sortie positive (emploi ou formation).<\/span><\/p>\n<p><span style=\"color: #000000\">Dans l\u2019autre sens l\u2019\u00e9quipe chantier d\u2019insertion peut \u00e0 la demande des \u00e9quipes \u00e9ducatives apporter une plus value sur certaines op\u00e9rations de DSL comme les animations de proximit\u00e9 et les chantiers \u00e9ducatifs.<\/span><\/p>\n<p><a href=\"http:\/\/www.addap13.org\/\">Pour en savoir plus sur l&rsquo;ADDAP 13&#8230;<\/a><\/p>\n<p>&nbsp;<\/p>\n<p>&nbsp;<\/p>\n<p>&nbsp;<\/p>\n","protected":false},"excerpt":{"rendered":"<p>LES PASSERELLES Groupe ADDAP 13 : L\u2019outil chantier d\u2019insertion existe depuis 5 ans, c\u2019est un r\u00e9el outil pour la pr\u00e9vention sp\u00e9cialis\u00e9e qui envoie sur ce dispositif une vingtaine de personnes par recrutement. Le bon d\u00e9roulement des chantiers est d\u00fb entre autre \u00e0 la pr\u00e9sence r\u00e9guli\u00e8re des \u00e9ducateurs ADDAP 13 et des m\u00e9diateurs \u00a0de AMCS- Groupe<a class=\"button\" href=\"https:\/\/blog.addap13.net\/insertion\/un-service-de-laddap13\/\" title=\"Read More\">Read more<\/a><\/p>\n","protected":false},"author":20,"featured_media":0,"parent":0,"menu_order":0,"comment_status":"closed","ping_status":"closed","template":"","meta":{"footnotes":""},"class_list":["post-54","page","type-page","status-publish","hentry"],"_links":{"self":[{"href":"https:\/\/blog.addap13.net\/insertion\/wp-json\/wp\/v2\/pages\/54","targetHints":{"allow":["GET"]}}],"collection":[{"href":"https:\/\/blog.addap13.net\/insertion\/wp-json\/wp\/v2\/pages"}],"about":[{"href":"https:\/\/blog.addap13.net\/insertion\/wp-json\/wp\/v2\/types\/page"}],"author":[{"embeddable":true,"href":"https:\/\/blog.addap13.net\/insertion\/wp-json\/wp\/v2\/users\/20"}],"replies":[{"embeddable":true,"href":"https:\/\/blog.addap13.net\/insertion\/wp-json\/wp\/v2\/comments?post=54"}],"version-history":[{"count":6,"href":"https:\/\/blog.addap13.net\/insertion\/wp-json\/wp\/v2\/pages\/54\/revisions"}],"predecessor-version":[{"id":427,"href":"https:\/\/blog.addap13.net\/insertion\/wp-json\/wp\/v2\/pages\/54\/revisions\/427"}],"wp:attachment":[{"href":"https:\/\/blog.addap13.net\/insertion\/wp-json\/wp\/v2\/media?parent=54"}],"curies":[{"name":"wp","href":"https:\/\/api.w.org\/{rel}","templated":true}]}}