{"id":48,"date":"2015-10-20T11:02:55","date_gmt":"2015-10-20T10:02:55","guid":{"rendered":"http:\/\/blog.addap13.net\/insertion\/?page_id=48"},"modified":"2015-11-28T18:55:59","modified_gmt":"2015-11-28T17:55:59","slug":"lencadrement-technique","status":"publish","type":"page","link":"https:\/\/blog.addap13.net\/insertion\/lencadrement-technique\/","title":{"rendered":"L&rsquo;encadrement technique"},"content":{"rendered":"<h2><span style=\"color: #000000\"><strong><u>La production\u00a0sur le terrain :<\/u><\/strong><\/span><\/h2>\n<p><span style=\"color: #000000\"><strong>Elle est de 20 heures par semaine.<\/strong><\/span><\/p>\n<p><span style=\"color: #000000\"><strong>Am\u00e9nagement et entretien urbains.\u00a0Petite ma\u00e7onnerie.\u00a0Peinture\u00a0Entretien des espaces verts, d\u00e9broussaillage, taille, \u00e9lagage etc&#8230;Chaque chantier a ses sp\u00e9cificit\u00e9s, certains sont orient\u00e9s nettoyage et propret\u00e9, d\u2019autres sont plus orient\u00e9s vers la peinture, la petite ma\u00e7onnerie et les espaces verts.<\/strong><\/span><\/p>\n<p><span><strong><span style=\"color: #000000\">Pour des raisons pratiques la gestion horaire des salari\u00e9s est diff\u00e9rente d\u2019un chantier \u00e0 un autre. Nos cahiers des charges sont eux aussi diff\u00e9rents selon les zones d\u2019intervention et la demande des logeurs. La confiance grandissante sur certains secteurs de la part des logeurs fait que nous sommes sollicit\u00e9s pour des travaux autres (diff\u00e9rents travaux pour ERILIA, caves \u00e0 Picon). Les encadrants s\u2019adaptent facilement et sont r\u00e9actifs aux diff\u00e9rentes demandes faites par les repr\u00e9sentants du logeur. Leur approche et leur savoir-faire avec des salari\u00e9s sont primordiaux. Nous \u00e9paulons nos encadrants en travaillant r\u00e9guli\u00e8rement sur les postures professionnelles et sur les valeurs \u00e9thiques de notre intervention. \u00a0Leur travail au quotidien est\u00a0tr\u00e8s\u00a0difficile selon la coh\u00e9sion d&rsquo;\u00e9quipe et l&rsquo;ambiance sur les secteurs.\u00a0\u00a0Il est important de remplir nos objectifs sans perdre le sens et le lien\u00a0avec nos actions et valeurs de \u00ab\u00a0pr\u00e9vention sp\u00e9cialis\u00e9e\u00a0\u00bb.<\/span><\/strong><\/span><\/p>\n","protected":false},"excerpt":{"rendered":"<p>La production\u00a0sur le terrain : Elle est de 20 heures par semaine. Am\u00e9nagement et entretien urbains.\u00a0Petite ma\u00e7onnerie.\u00a0Peinture\u00a0Entretien des espaces verts, d\u00e9broussaillage, taille, \u00e9lagage etc&#8230;Chaque chantier a ses sp\u00e9cificit\u00e9s, certains sont orient\u00e9s nettoyage et propret\u00e9, d\u2019autres sont plus orient\u00e9s vers la peinture, la petite ma\u00e7onnerie et les espaces verts. Pour des raisons pratiques la gestion horaire<a class=\"button\" href=\"https:\/\/blog.addap13.net\/insertion\/lencadrement-technique\/\" title=\"Read More\">Read more<\/a><\/p>\n","protected":false},"author":20,"featured_media":0,"parent":0,"menu_order":0,"comment_status":"open","ping_status":"closed","template":"","meta":{"footnotes":""},"class_list":["post-48","page","type-page","status-publish","hentry"],"_links":{"self":[{"href":"https:\/\/blog.addap13.net\/insertion\/wp-json\/wp\/v2\/pages\/48","targetHints":{"allow":["GET"]}}],"collection":[{"href":"https:\/\/blog.addap13.net\/insertion\/wp-json\/wp\/v2\/pages"}],"about":[{"href":"https:\/\/blog.addap13.net\/insertion\/wp-json\/wp\/v2\/types\/page"}],"author":[{"embeddable":true,"href":"https:\/\/blog.addap13.net\/insertion\/wp-json\/wp\/v2\/users\/20"}],"replies":[{"embeddable":true,"href":"https:\/\/blog.addap13.net\/insertion\/wp-json\/wp\/v2\/comments?post=48"}],"version-history":[{"count":8,"href":"https:\/\/blog.addap13.net\/insertion\/wp-json\/wp\/v2\/pages\/48\/revisions"}],"predecessor-version":[{"id":190,"href":"https:\/\/blog.addap13.net\/insertion\/wp-json\/wp\/v2\/pages\/48\/revisions\/190"}],"wp:attachment":[{"href":"https:\/\/blog.addap13.net\/insertion\/wp-json\/wp\/v2\/media?parent=48"}],"curies":[{"name":"wp","href":"https:\/\/api.w.org\/{rel}","templated":true}]}}