{"id":457,"date":"2017-04-27T16:34:09","date_gmt":"2017-04-27T14:34:09","guid":{"rendered":"http:\/\/blog.addap13.net\/insertion\/?page_id=457"},"modified":"2017-04-27T16:35:07","modified_gmt":"2017-04-27T14:35:07","slug":"en-2017","status":"publish","type":"page","link":"https:\/\/blog.addap13.net\/insertion\/en-2017\/","title":{"rendered":"En 2017"},"content":{"rendered":"<p>Cette ann\u00e9e nous avons quitt\u00e9 un chantier pour un autre. Picon n&rsquo;a pas continu\u00e9 et a \u00e9t\u00e9 remplac\u00e9 par Plan d&rsquo;Aou\/Campagne Larousse. Un nouvel encadrant a rejoint notre \u00e9quipe en remplacement d&rsquo;un d\u00e9part. Une nouvelle CIP en contrat de Professionnalisation nous a rejoint aussi depuis avril. Nous avons quelque peu chang\u00e9 d&rsquo;organisation en mettant 3 chantiers le matin et 3 l&rsquo;apr\u00e8s midi. Cette nouvelle organisation a permis en autre d&rsquo;am\u00e9liorer le quotidien des accompagnatrices avec des apr\u00e8s midis moins charg\u00e9s.<\/p>\n","protected":false},"excerpt":{"rendered":"<p>Cette ann\u00e9e nous avons quitt\u00e9 un chantier pour un autre. Picon n&rsquo;a pas continu\u00e9 et a \u00e9t\u00e9 remplac\u00e9 par Plan d&rsquo;Aou\/Campagne Larousse. Un nouvel encadrant a rejoint notre \u00e9quipe en remplacement d&rsquo;un d\u00e9part. Une nouvelle CIP en contrat de Professionnalisation nous a rejoint aussi depuis avril. Nous avons quelque peu chang\u00e9 d&rsquo;organisation en mettant 3<a class=\"button\" href=\"https:\/\/blog.addap13.net\/insertion\/en-2017\/\" title=\"Read More\">Read more<\/a><\/p>\n","protected":false},"author":20,"featured_media":0,"parent":0,"menu_order":0,"comment_status":"closed","ping_status":"closed","template":"","meta":{"footnotes":""},"class_list":["post-457","page","type-page","status-publish","hentry"],"_links":{"self":[{"href":"https:\/\/blog.addap13.net\/insertion\/wp-json\/wp\/v2\/pages\/457","targetHints":{"allow":["GET"]}}],"collection":[{"href":"https:\/\/blog.addap13.net\/insertion\/wp-json\/wp\/v2\/pages"}],"about":[{"href":"https:\/\/blog.addap13.net\/insertion\/wp-json\/wp\/v2\/types\/page"}],"author":[{"embeddable":true,"href":"https:\/\/blog.addap13.net\/insertion\/wp-json\/wp\/v2\/users\/20"}],"replies":[{"embeddable":true,"href":"https:\/\/blog.addap13.net\/insertion\/wp-json\/wp\/v2\/comments?post=457"}],"version-history":[{"count":1,"href":"https:\/\/blog.addap13.net\/insertion\/wp-json\/wp\/v2\/pages\/457\/revisions"}],"predecessor-version":[{"id":459,"href":"https:\/\/blog.addap13.net\/insertion\/wp-json\/wp\/v2\/pages\/457\/revisions\/459"}],"wp:attachment":[{"href":"https:\/\/blog.addap13.net\/insertion\/wp-json\/wp\/v2\/media?parent=457"}],"curies":[{"name":"wp","href":"https:\/\/api.w.org\/{rel}","templated":true}]}}