{"id":77,"date":"2020-08-23T20:09:08","date_gmt":"2020-08-23T18:09:08","guid":{"rendered":"https:\/\/blog.addap13.net\/equilibre\/?page_id=77"},"modified":"2020-09-24T10:02:34","modified_gmt":"2020-09-24T08:02:34","slug":"fondation-de-france","status":"publish","type":"page","link":"https:\/\/blog.addap13.net\/equilibre\/fondation-de-france\/","title":{"rendered":"Solidarit\u00e9"},"content":{"rendered":"<p><strong>Fondation de France<\/strong><\/p>\n<p>Pendant la p\u00e9riode de confinement, le groupe ADDAP 13 \u00e0 travers sont projet \u00e9quilibre \u00e0 pu faire des panier repas pour les restos du c\u0153ur. 100 paniers repas par jour sur 6 semaines.<\/p>\n<p>Un partenariat appr\u00e9ci\u00e9 et une collaboration qui continue aujourd&rsquo;hui avec les restos du c\u0153ur.<\/p>\n<p><img loading=\"lazy\" decoding=\"async\" class=\"alignnone size-full wp-image-325\" src=\"https:\/\/blog.addap13.net\/equilibre\/wp-content\/uploads\/sites\/22\/2020\/09\/telechargement.jpg\" alt=\"\" width=\"230\" height=\"219\" \/><img loading=\"lazy\" decoding=\"async\" class=\"alignnone size-medium wp-image-326\" src=\"https:\/\/blog.addap13.net\/equilibre\/wp-content\/uploads\/sites\/22\/2020\/09\/telechargement-300x157.png\" alt=\"\" width=\"300\" height=\"157\" srcset=\"https:\/\/blog.addap13.net\/equilibre\/wp-content\/uploads\/sites\/22\/2020\/09\/telechargement-300x157.png 300w, https:\/\/blog.addap13.net\/equilibre\/wp-content\/uploads\/sites\/22\/2020\/09\/telechargement.png 310w\" sizes=\"auto, (max-width: 300px) 100vw, 300px\" \/><img loading=\"lazy\" decoding=\"async\" class=\"alignnone size-full wp-image-327\" src=\"https:\/\/blog.addap13.net\/equilibre\/wp-content\/uploads\/sites\/22\/2020\/09\/telechargement-1.jpg\" alt=\"\" width=\"287\" height=\"176\" \/><\/p>\n<p>un partenariat est en cour avec le Samu Social de Marseille<\/p>\n","protected":false},"excerpt":{"rendered":"<p>Fondation de France Pendant la p\u00e9riode de confinement, le groupe ADDAP 13 \u00e0 travers sont projet \u00e9quilibre \u00e0 pu faire<\/p>\n","protected":false},"author":25,"featured_media":0,"parent":0,"menu_order":0,"comment_status":"closed","ping_status":"closed","template":"","meta":{"colormag_page_container_layout":"default_layout","colormag_page_sidebar_layout":"default_layout","footnotes":""},"class_list":["post-77","page","type-page","status-publish","hentry"],"_links":{"self":[{"href":"https:\/\/blog.addap13.net\/equilibre\/wp-json\/wp\/v2\/pages\/77","targetHints":{"allow":["GET"]}}],"collection":[{"href":"https:\/\/blog.addap13.net\/equilibre\/wp-json\/wp\/v2\/pages"}],"about":[{"href":"https:\/\/blog.addap13.net\/equilibre\/wp-json\/wp\/v2\/types\/page"}],"author":[{"embeddable":true,"href":"https:\/\/blog.addap13.net\/equilibre\/wp-json\/wp\/v2\/users\/25"}],"replies":[{"embeddable":true,"href":"https:\/\/blog.addap13.net\/equilibre\/wp-json\/wp\/v2\/comments?post=77"}],"version-history":[{"count":3,"href":"https:\/\/blog.addap13.net\/equilibre\/wp-json\/wp\/v2\/pages\/77\/revisions"}],"predecessor-version":[{"id":328,"href":"https:\/\/blog.addap13.net\/equilibre\/wp-json\/wp\/v2\/pages\/77\/revisions\/328"}],"wp:attachment":[{"href":"https:\/\/blog.addap13.net\/equilibre\/wp-json\/wp\/v2\/media?parent=77"}],"curies":[{"name":"wp","href":"https:\/\/api.w.org\/{rel}","templated":true}]}}