{"id":552,"date":"2025-03-17T13:19:59","date_gmt":"2025-03-17T12:19:59","guid":{"rendered":"https:\/\/blog.addap13.net\/equilibre\/?page_id=552"},"modified":"2025-03-18T09:13:56","modified_gmt":"2025-03-18T08:13:56","slug":"reservation","status":"publish","type":"page","link":"https:\/\/blog.addap13.net\/equilibre\/reservation\/","title":{"rendered":"Livraison de repas"},"content":{"rendered":"<h3 style=\"text-align: center;\">&#8211; ATTENTION \u00c0 BIEN PRENDRE CONNAISSANCE DES DISPOSITIONS CI-DESSOUS &#8211;<\/h3>\n<h4>&#8211; Il vous faut r\u00e9server en envoyant un message \u00e0 <a href=\"mailto:resaquilibre@addap13.org\">resaquilibre@addap13.org\u00a0<\/a>avant 9 h 30 pour le jour m\u00eame si cela n\u2019exc\u00e8de pas 5 repas.<\/h4>\n<p><strong>Mod\u00e8le type de message :<\/strong><\/p>\n<p><em>\u00ab\u00a0Bonjour<\/em><br \/>\n<em>J&rsquo;ai besoin de X repas \u00e0 livrer au 4 rue du coin \u00e0 Marseille 13. Ces repas sont \u00e0 facturer \u00e0 Entreprise MECA \u00e0 la m\u00eame adresse.<\/em><br \/>\n<em>Merci\u00a0\u00bb<\/em><\/p>\n<h4>&#8211; La veille pour le lendemain pour toutes commandes exc\u00e9dant 5 repas<\/h4>\n<h4>&#8211; Quelques jours avant si c\u2019est au-del\u00e0 de 20 personnes.<\/h4>\n<p><img loading=\"lazy\" decoding=\"async\" class=\"alignnone size-medium wp-image-897\" src=\"https:\/\/blog.addap13.net\/equilibre\/wp-content\/uploads\/sites\/22\/2025\/03\/IMG_1314-225x300.jpg\" alt=\"\" width=\"225\" height=\"300\" srcset=\"https:\/\/blog.addap13.net\/equilibre\/wp-content\/uploads\/sites\/22\/2025\/03\/IMG_1314-225x300.jpg 225w, https:\/\/blog.addap13.net\/equilibre\/wp-content\/uploads\/sites\/22\/2025\/03\/IMG_1314-rotated.jpg 480w\" sizes=\"auto, (max-width: 225px) 100vw, 225px\" \/> <img loading=\"lazy\" decoding=\"async\" class=\"alignnone size-medium wp-image-906\" src=\"https:\/\/blog.addap13.net\/equilibre\/wp-content\/uploads\/sites\/22\/2025\/03\/Resized_20230517_112035-2-300x169.jpg\" alt=\"\" width=\"300\" height=\"169\" srcset=\"https:\/\/blog.addap13.net\/equilibre\/wp-content\/uploads\/sites\/22\/2025\/03\/Resized_20230517_112035-2-300x169.jpg 300w, https:\/\/blog.addap13.net\/equilibre\/wp-content\/uploads\/sites\/22\/2025\/03\/Resized_20230517_112035-2-1024x576.jpg 1024w, https:\/\/blog.addap13.net\/equilibre\/wp-content\/uploads\/sites\/22\/2025\/03\/Resized_20230517_112035-2-768x432.jpg 768w, https:\/\/blog.addap13.net\/equilibre\/wp-content\/uploads\/sites\/22\/2025\/03\/Resized_20230517_112035-2.jpg 1281w\" sizes=\"auto, (max-width: 300px) 100vw, 300px\" \/> <img loading=\"lazy\" decoding=\"async\" class=\"alignnone size-medium wp-image-634\" src=\"https:\/\/blog.addap13.net\/equilibre\/wp-content\/uploads\/sites\/22\/2021\/09\/5-225x300.jpg\" alt=\"\" width=\"225\" height=\"300\" srcset=\"https:\/\/blog.addap13.net\/equilibre\/wp-content\/uploads\/sites\/22\/2021\/09\/5-225x300.jpg 225w, https:\/\/blog.addap13.net\/equilibre\/wp-content\/uploads\/sites\/22\/2021\/09\/5.jpg 480w\" sizes=\"auto, (max-width: 225px) 100vw, 225px\" \/> <img loading=\"lazy\" decoding=\"async\" class=\"alignnone size-medium wp-image-111\" src=\"https:\/\/blog.addap13.net\/equilibre\/wp-content\/uploads\/sites\/22\/2020\/09\/20200901_095315-225x300.jpg\" alt=\"\" width=\"225\" height=\"300\" srcset=\"https:\/\/blog.addap13.net\/equilibre\/wp-content\/uploads\/sites\/22\/2020\/09\/20200901_095315-225x300.jpg 225w, https:\/\/blog.addap13.net\/equilibre\/wp-content\/uploads\/sites\/22\/2020\/09\/20200901_095315-768x1024.jpg 768w, https:\/\/blog.addap13.net\/equilibre\/wp-content\/uploads\/sites\/22\/2020\/09\/20200901_095315-1152x1536.jpg 1152w, https:\/\/blog.addap13.net\/equilibre\/wp-content\/uploads\/sites\/22\/2020\/09\/20200901_095315-1536x2048.jpg 1536w, https:\/\/blog.addap13.net\/equilibre\/wp-content\/uploads\/sites\/22\/2020\/09\/20200901_095315-scaled.jpg 1920w\" sizes=\"auto, (max-width: 225px) 100vw, 225px\" \/> <img loading=\"lazy\" decoding=\"async\" class=\"alignnone size-medium wp-image-122\" src=\"https:\/\/blog.addap13.net\/equilibre\/wp-content\/uploads\/sites\/22\/2020\/09\/moh-169x300.jpg\" alt=\"\" width=\"169\" height=\"300\" srcset=\"https:\/\/blog.addap13.net\/equilibre\/wp-content\/uploads\/sites\/22\/2020\/09\/moh-169x300.jpg 169w, https:\/\/blog.addap13.net\/equilibre\/wp-content\/uploads\/sites\/22\/2020\/09\/moh-576x1024.jpg 576w, https:\/\/blog.addap13.net\/equilibre\/wp-content\/uploads\/sites\/22\/2020\/09\/moh-768x1365.jpg 768w, https:\/\/blog.addap13.net\/equilibre\/wp-content\/uploads\/sites\/22\/2020\/09\/moh-864x1536.jpg 864w, https:\/\/blog.addap13.net\/equilibre\/wp-content\/uploads\/sites\/22\/2020\/09\/moh-1152x2048.jpg 1152w, https:\/\/blog.addap13.net\/equilibre\/wp-content\/uploads\/sites\/22\/2020\/09\/moh.jpg 1440w\" sizes=\"auto, (max-width: 169px) 100vw, 169px\" \/><\/p>\n<h4>Pour les demandes en interne<br \/>\nAnnoncez le service\u00a0:<\/h4>\n<p>Le nombre de personnes :<\/p>\n<p>Des commentaires sur les r\u00e9gimes sp\u00e9ciaux :<\/p>\n<p>&nbsp;<\/p>\n","protected":false},"excerpt":{"rendered":"<p>&#8211; ATTENTION \u00c0 BIEN PRENDRE CONNAISSANCE DES DISPOSITIONS CI-DESSOUS &#8211; &#8211; Il vous faut r\u00e9server en envoyant un message \u00e0<\/p>\n","protected":false},"author":25,"featured_media":553,"parent":0,"menu_order":0,"comment_status":"closed","ping_status":"closed","template":"","meta":{"colormag_page_container_layout":"default_layout","colormag_page_sidebar_layout":"default_layout","footnotes":""},"class_list":["post-552","page","type-page","status-publish","has-post-thumbnail","hentry"],"_links":{"self":[{"href":"https:\/\/blog.addap13.net\/equilibre\/wp-json\/wp\/v2\/pages\/552","targetHints":{"allow":["GET"]}}],"collection":[{"href":"https:\/\/blog.addap13.net\/equilibre\/wp-json\/wp\/v2\/pages"}],"about":[{"href":"https:\/\/blog.addap13.net\/equilibre\/wp-json\/wp\/v2\/types\/page"}],"author":[{"embeddable":true,"href":"https:\/\/blog.addap13.net\/equilibre\/wp-json\/wp\/v2\/users\/25"}],"replies":[{"embeddable":true,"href":"https:\/\/blog.addap13.net\/equilibre\/wp-json\/wp\/v2\/comments?post=552"}],"version-history":[{"count":5,"href":"https:\/\/blog.addap13.net\/equilibre\/wp-json\/wp\/v2\/pages\/552\/revisions"}],"predecessor-version":[{"id":929,"href":"https:\/\/blog.addap13.net\/equilibre\/wp-json\/wp\/v2\/pages\/552\/revisions\/929"}],"wp:featuredmedia":[{"embeddable":true,"href":"https:\/\/blog.addap13.net\/equilibre\/wp-json\/wp\/v2\/media\/553"}],"wp:attachment":[{"href":"https:\/\/blog.addap13.net\/equilibre\/wp-json\/wp\/v2\/media?parent=552"}],"curies":[{"name":"wp","href":"https:\/\/api.w.org\/{rel}","templated":true}]}}