{"id":16,"date":"2020-04-23T10:10:32","date_gmt":"2020-04-23T08:10:32","guid":{"rendered":"http:\/\/blog.addap13.net\/equilibre\/?page_id=16"},"modified":"2025-03-18T09:18:52","modified_gmt":"2025-03-18T08:18:52","slug":"mention-relative-a-la-protection-des-donnees-personnelles","status":"publish","type":"page","link":"https:\/\/blog.addap13.net\/equilibre\/mention-relative-a-la-protection-des-donnees-personnelles\/","title":{"rendered":"Mention l\u00e9gale RGPD"},"content":{"rendered":"\r\n<h2 class=\"wp-block-heading\">Qui sommes-nous\u00a0?<\/h2>\r\n\r\n\r\n\r\n<p>L\u2019adresse de notre site Web est\u00a0: http:\/\/blog.addap13.net\/equilibre.<\/p>\r\n\r\n\r\n\r\n<div class=\"crayon article-chapo-127 chapeau\">\r\n<p>OBJET\u00a0:<br class=\"autobr\" \/>Toute Personne physique ou morale, visiteur, accepte d\u2019\u00eatre li\u00e9 par les termes des Conditions G\u00e9n\u00e9rales d\u2019Utilisation pr\u00e9vues par cet accord.<\/p>\r\n<p>Tout acc\u00e8s et\/ou utilisation du site du Groupe addap13 suppose l\u2019acceptation et le respect de l\u2019ensemble des termes des pr\u00e9sentes Conditions G\u00e9n\u00e9rales d\u2019Utilisation et leur acceptation inconditionnelle. Elles constituent donc un contrat entre le Groupe addap13 et l\u2019Utilisateur.<\/p>\r\n<p>Dans le cas o\u00f9 l\u2019Utilisateur ne souhaite pas accepter tout ou partie des pr\u00e9sentes conditions g\u00e9n\u00e9rales, il lui est demand\u00e9 de renoncer \u00e0 tout usage du service.<\/p>\r\n<\/div>\r\n<div class=\"crayon article-texte-127 texte texte-inner-margin spacer\">\r\n<p><strong>2. INFORMATIONS L\u00c9GALES ET D\u00c9FINITIONS<\/strong><\/p>\r\n<p>Informations l\u00e9gales<br class=\"autobr\" \/>En vertu de l\u2019article 6 de la loi n\u00b02004-575 du 21 juin 2004 pour la confiance dans l\u2019\u00e9conomie num\u00e9rique, il est pr\u00e9cis\u00e9\u00a0:<\/p>\r\n<p>Ci-apr\u00e8s \u00ab\u00a0Editeurs\u00a0\u00bb<br class=\"autobr\" \/>Le Site du Groupe addap13 est \u00e9dit\u00e9 par Webmaster, domicili\u00e9 \u00e0 Marseille.<\/p>\r\n<p>Ci-apr\u00e8s \u00ab\u00a0le Directeur de la publication\u00a0\u00bb<br class=\"autobr\" \/>Le Directeur de la publication est le Groupe addap13<br class=\"autobr\" \/>Adresse mail de contact : <a href=\"mailto:webmaster@addap13.org\">webmaster@addap13.org<\/a>\u00a0<\/p>\r\n<p>Ci-apr\u00e8s \u00ab\u00a0l\u2019H\u00e9bergeur\u00a0\u00bb<br class=\"autobr\" \/>Le Site est h\u00e9berg\u00e9 par OVH dont le si\u00e8ge social est situ\u00e9 2 rue Kellermann &#8211; 59100 Roubaix &#8211; France<br class=\"autobr\" \/>SAS au capital de 10 069 020 \u20ac<br class=\"autobr\" \/>RCS Lille M\u00e9tropole 424 761 419 00045<br class=\"autobr\" \/>Code APE 2620Z<br class=\"autobr\" \/>N\u00b0\u00a0TVA\u00a0: FR 22 424 761 419<\/p>\r\n<p>D\u00e9finitions\u00a0:<br class=\"autobr\" \/>Condition G\u00e9n\u00e9rale d\u2019Utilisation (\u00ab\u00a0CGU\u00a0\u00bb)\u00a0: les pr\u00e9sentes conditions d\u2019utilisations du site web du Groupe addap13<br class=\"autobr\" \/>Services\u00a0: Ensembles des Services fournis par le Groupe addap13 et ses partenaires, accessibles par le biais du Site.<br class=\"autobr\" \/>Site : d\u00e9signe le Site du Groupe addap13 &#8211; Equilibre accessible depuis l\u2019adresse <a href=\"https:\/\/blog.addap13.net\/equilibre\">https:\/\/blog.addap13.net\/equilibre<\/a> ou de toute autre adresse URL.<\/p>\r\n<p>Utilisateur\u00a0: D\u00e9signe toute personne physique ou morale qui visite une ou plusieurs pages du site\u00a0: espace dont l\u2019acc\u00e8s est r\u00e9serv\u00e9 \u00e0 l\u2019Utilisateur sur le Site, sur la base d\u2019un identifiant et d\u2019un mot de passe confidentiel lui permettant d\u2019acc\u00e9der \u00e0 certains Services<\/p>\r\n<p><strong>3. PR\u00c9SENTATION DU SITE<\/strong><br class=\"autobr\" \/>Notre site internet pr\u00e9sente nos activit\u00e9s et nos diff\u00e9rentes publications.<\/p>\r\n<p><strong>4. CONDITIONS D\u2019ACC\u00c8S G\u00c9N\u00c9RALES<\/strong><br class=\"autobr\" \/>Tous les co\u00fbts aff\u00e9rents \u00e0 l\u2019acc\u00e8s au Site, que ce soient les frais mat\u00e9riels, logiciels ou d\u2019acc\u00e8s \u00e0 internet, sont exclusivement \u00e0 la charge de l\u2019Utilisateur. Il est seul responsable du bon fonctionnement de son \u00e9quipement informatique ainsi que de son acc\u00e8s \u00e0 Internet.<br class=\"autobr\" \/>Le Groupe addap13 met en \u0153uvre tous les moyens raisonnables \u00e0 sa disposition pour assurer un acc\u00e8s de qualit\u00e9 au Site, mais n\u2019est tenu \u00e0 aucune obligation d\u2019y parvenir.<br class=\"autobr\" \/>Le Groupe addap13 ne peut, en outre, \u00eatre tenue responsable de tout dysfonctionnement du r\u00e9seau ou des serveurs ou de tout autre \u00e9v\u00e9nement \u00e9chappant au contr\u00f4le raisonnable, qui emp\u00eacherait ou d\u00e9graderait l\u2019acc\u00e8s au Site.<br class=\"autobr\" \/>Le Groupe addap13 se r\u00e9serve la possibilit\u00e9 d\u2019interrompre, de suspendre momentan\u00e9ment ou de modifier sans pr\u00e9avis l\u2019acc\u00e8s \u00e0 tout ou partie du Site, afin d\u2019en assurer la maintenance, ou pour toute autre raison, sans que l\u2019interruption n\u2019ouvre droit \u00e0 aucune obligation ni indemnisation.<\/p>\r\n<p><b>5. CONDITIONS D&rsquo;ACC\u00c8S AU SITE<\/b><\/p>\r\n<p>L\u2019acc\u00e8s au Site est libre et gratuit et ne n\u00e9cessite pas d\u2019inscription pr\u00e9alable.<\/p>\r\n<p>6. PROPRI\u00c9T\u00c9 INTELLECTUELLE<br class=\"autobr\" \/>L\u2019ensemble des \u00e9l\u00e9ments qui figurant sur le Site du Groupe addap13 sont prot\u00e9g\u00e9s par la l\u00e9gislation fran\u00e7aise sur le droit d\u2019auteur et le droit des marques.<br class=\"autobr\" \/>L\u2019ensemble des \u00e9l\u00e9ments du site, les marques, logos, dessins, graphismes, chartes graphiques, ic\u00f4nes, textes, applications, scripts, fonctionnalit\u00e9, ainsi que leur s\u00e9lection ou combinaison apparaissant \u00e0 l\u2019adresse\u00a0<a class=\"spip_url auto\" href=\"https:\/\/www.addap13.org\/\" rel=\"nofollow\">https:\/\/blog.addap13.net\/equilibre<\/a>\u00a0ou sur les sous-domaines associ\u00e9s et les autres domaines du site internet (.fr, .net, eu, bzh), sont la propri\u00e9t\u00e9 exclusive du Groupe addap13. L\u2019acc\u00e8s au Site n\u2019entra\u00eene aucune cession des droits susvis\u00e9s.<br class=\"autobr\" \/>Les droits d\u2019utilisation du site ne sont conc\u00e9d\u00e9s que sous forme num\u00e9rique aux fins de visualisation des pages consult\u00e9es, \u00e0 titre personnel, non cessible et non exclusif.<br class=\"autobr\" \/>L\u2019utilisateur s\u2019interdit de copier, reproduire, modifier, distribuer, afficher ou vendre, par quelques proc\u00e9d\u00e9s ou forme que ce soit, en tout ou partie, tout \u00e9l\u00e9ment du site ou se rapportant \u00e0 celui-ci, par quelque proc\u00e9d\u00e9 que ce soit, et pour toute autre finalit\u00e9 y compris \u00e0 titre commercial, sans l\u2019autorisation pr\u00e9alable et \u00e9crite du Groupe addap13 .<br class=\"autobr\" \/>En cas d\u2019utilisation ill\u00e9gale ou non autoris\u00e9e du Site, le Groupe addap13 se r\u00e9serve le droit prendre toute mesure ad\u00e9quate qu\u2019elle estime n\u00e9cessaire et, le cas \u00e9ch\u00e9ant, d\u2019intenter toute action en justice appropri\u00e9e, et\/ou signaler l\u2019infraction aux autorit\u00e9s judiciaires et de police.<\/p>\r\n<p><strong>7. POLITIQUE DE PROTECTION DES DONN\u00c9ES PERSONNELLES ET COOKIES<\/strong><\/p>\r\n<p>Traitement de donn\u00e9es \u00e0 caract\u00e8re personnel<br class=\"autobr\" \/>Le Groupe addap13 s\u2019engage \u00e0 prot\u00e9ger la vie priv\u00e9e de ses utilisateurs dans le respect des r\u00e9glementations en vigueur et en particulier de la loi n\u00b078-17 \u00ab\u00a0Informatique et Libert\u00e9s\u00a0\u00bb du 6 janvier 1978 modifi\u00e9e et du R\u00e8glement n\u00b02016\/679 du Parlement europ\u00e9en et du Conseil du 27 avril 2016 relatif \u00e0 la protection des personnes physiques \u00e0 l\u2019\u00e9gard du traitement des donn\u00e9es \u00e0 caract\u00e8re personnel et \u00e0 la libre circulation de ces donn\u00e9es (\u00ab\u00a0R\u00e8glement\u00a0\u00bb).<br class=\"autobr\" \/>Dans le cadre de l\u2019exploitation du Site, le Groupe addap13 peut collecter des donn\u00e9es vous concernant.<br class=\"autobr\" \/>Ces donn\u00e9es sont trait\u00e9es conform\u00e9ment aux finalit\u00e9s pr\u00e9vues lors de la collecte, certaines informations \u00e9tant obligatoires et d\u2019autres facultatives, indiqu\u00e9 l\u2019ast\u00e9risque (*) dans les formulaires de collecte.<br class=\"autobr\" \/>Ces donn\u00e9es sont trait\u00e9es conform\u00e9ment aux finalit\u00e9s pr\u00e9vues lors de la collecte, \u00e0 savoir\u00a0:<br \/>&#8211; Gestion des formulaires de contact ;<br \/>&#8211; Gestion de vos commandes.<\/p>\r\n<p><strong>Droit des personnes concern\u00e9es<\/strong><br class=\"autobr\" \/>Conform\u00e9ment \u00e0 la loi n\u00b078-17 du 6 janvier 1978 modifi\u00e9e et au R\u00e8glement (UE) 2016\/679 relatif \u00e0 la protection des donn\u00e9es \u00e0 caract\u00e8re personnel, vous disposez des droits suivants sur vos donn\u00e9es\u00a0: droit d\u2019acc\u00e8s, droit de rectification, droit \u00e0 l\u2019effacement (droit \u00e0 l\u2019oubli), droit d\u2019opposition, droit \u00e0 la limitation du traitement, droit \u00e0 la portabilit\u00e9. Vous pouvez \u00e9galement d\u00e9finir des directives relatives \u00e0 la conservation, \u00e0 l\u2019effacement et \u00e0 la communication de vos donn\u00e9es \u00e0 caract\u00e8re personnel apr\u00e8s votre d\u00e9c\u00e8s.<br class=\"autobr\" \/>Pour des motifs tenant \u00e0 votre situation particuli\u00e8re, vous pouvez vous opposer au traitement des donn\u00e9es vous concernant.<br class=\"autobr\" \/>Pour exercer vos droits, merci d\u2019adresser votre courrier au\u00a0:\u00a0<a class=\"spip_in\" href=\"https:\/\/www.addap13.org\/_ADDAP-13-Siege-social_.html\">contactez le Groupe addap13<\/a>. Nous vous recommandons de joindre la copie d\u2019une pi\u00e8ce d\u2019identit\u00e9.<br class=\"autobr\" \/>Sous r\u00e9serve d\u2019un manquement aux dispositions ci-dessus, vous avez le droit d\u2019introduire une r\u00e9clamation aupr\u00e8s de la CNIL (<a class=\"spip_url spip_out auto\" href=\"http:\/\/www.cnil.fr\/\" target=\"_blank\" rel=\"external noopener noreferrer\">www.cnil.fr<\/a>).<br class=\"autobr\" \/><strong>Dur\u00e9e de conservation<\/strong><br class=\"autobr\" \/>Le Groupe addap13 s\u2019engage \u00e0 conserver vos donn\u00e9es personnelles dans un environnement s\u00e9curis\u00e9 pendant la dur\u00e9e n\u00e9cessaire \u00e0 la r\u00e9alisation des finalit\u00e9s pour lesquelles elles ont \u00e9t\u00e9 collect\u00e9es ou durant la dur\u00e9e de conservation minimale pr\u00e9vue par la l\u00e9gislation applicable notamment en mati\u00e8re civile. Certaines donn\u00e9es personnelles peuvent \u00eatre conserv\u00e9es par le Groupe addap13 pour des dur\u00e9es plus longues, exclusivement \u00e0 des fins archivistiques, dans l\u2019int\u00e9r\u00eat public, \u00e0 des fins de recherche scientifique ou historique ou \u00e0 des fins statistiques.<\/p>\r\n<p>S\u00e9curit\u00e9<br class=\"autobr\" \/>Compte tenu de l\u2019\u00e9volution des technologies, des co\u00fbts de mise en \u0153uvre, de la nature des donn\u00e9es \u00e0 prot\u00e9ger ainsi que des risques pour les droits et libert\u00e9s des personnes, le Groupe addap13 met en \u0153uvre toutes les mesures techniques et organisationnelles appropri\u00e9es afin de garantir la confidentialit\u00e9 des donn\u00e9es \u00e0 caract\u00e8re personnel collect\u00e9es et trait\u00e9es et un niveau de s\u00e9curit\u00e9 adapt\u00e9 au risque.<br class=\"autobr\" \/>Dans le cas o\u00f9 le Groupe addap13 confie les activit\u00e9s de traitement de donn\u00e9es \u00e0 des sous-traitants, ces derniers seront notamment choisis pour les garanties suffisantes quant \u00e0 la mise en \u0153uvre des mesures techniques et organisationnelles appropri\u00e9es, notamment en termes de fiabilit\u00e9 et de mesures de s\u00e9curit\u00e9.<br class=\"autobr\" \/>Par ailleurs, le Groupe addap13 se r\u00e9serve le droit de transmettre vos donn\u00e9es personnelles afin de satisfaire \u00e0 ses obligations l\u00e9gales, et notamment si elle en \u00e9tait contrainte par r\u00e9quisition judiciaire.<\/p>\r\n<p>Cookies<br \/>Le site ne met pas en \u0153uvre de cookies.<\/p>\r\n<p><strong>8. LIMITATION DE RESPONSABILIT\u00c9<\/strong><br class=\"autobr\" \/>LE Groupe addap13 ne saurait \u00eatre tenu responsable de l\u2019exactitude et de la pertinence informations mis en ligne par l\u2019Utilisateur.<br class=\"autobr\" \/>Les liens hypertextes pr\u00e9sents sur le site et renvoyant \u00e0 un site Internet tiers ne sauraient engager la responsabilit\u00e9 du Groupe addap13.<br class=\"autobr\" \/>Le Groupe addap13 n\u2019exer\u00e7ant aucun contr\u00f4le et n\u2019ayant aucune ma\u00eetrise sur le contenu de tout site tiers, vous y acc\u00e9dez sous votre propre responsabilit\u00e9.<br class=\"autobr\" \/>Le Groupe addap13 ne saurait en aucun cas \u00eatre tenue responsable du contenu ainsi que des produits ou services propos\u00e9s sur tout site tiers.<\/p>\r\n<p><strong>9. MODIFICATION DES CGU<\/strong><br class=\"autobr\" \/>Le Groupe addap13 se r\u00e9serve le droit de modifier les termes, conditions et mentions du pr\u00e9sent contrat \u00e0 tout moment.<\/p>\r\n<p>Il est ainsi conseill\u00e9 \u00e0 l\u2019Utilisateur de consulter r\u00e9guli\u00e8rement la derni\u00e8re version des Conditions d\u2019Utilisation disponible sur le site.<\/p>\r\n<p><strong>10. DUR\u00c9E ET R\u00c9SILIATION<\/strong><br class=\"autobr\" \/>Le pr\u00e9sent contrat est conclu pour une dur\u00e9e ind\u00e9termin\u00e9e \u00e0 compter de la connexion au Site.<\/p>\r\n<p><strong>11. DISPOSITIONS DIVERSES<\/strong><br class=\"autobr\" \/>Si une partie des CGU devait s\u2019av\u00e9rer ill\u00e9gale, invalide ou inapplicable, pour quelque raison que ce soit, les dispositions en question seraient r\u00e9put\u00e9es non \u00e9crites, sans remettre en cause la validit\u00e9 des autres dispositions qui continueront de s\u2019appliquer aux Utilisateurs.<br class=\"autobr\" \/>Les pr\u00e9sentes CGU sont soumises au droit fran\u00e7ais.<\/p>\r\n<\/div>\r\n<div class=\"social spacer\">\u00a0<\/div>\r\n","protected":false},"excerpt":{"rendered":"<p>Qui sommes-nous\u00a0? L\u2019adresse de notre site Web est\u00a0: http:\/\/blog.addap13.net\/equilibre. OBJET\u00a0:Toute Personne physique ou morale, visiteur, accepte d\u2019\u00eatre li\u00e9 par les<\/p>\n","protected":false},"author":2,"featured_media":0,"parent":0,"menu_order":0,"comment_status":"closed","ping_status":"closed","template":"","meta":{"colormag_page_container_layout":"default_layout","colormag_page_sidebar_layout":"default_layout","footnotes":""},"class_list":["post-16","page","type-page","status-publish","hentry"],"_links":{"self":[{"href":"https:\/\/blog.addap13.net\/equilibre\/wp-json\/wp\/v2\/pages\/16","targetHints":{"allow":["GET"]}}],"collection":[{"href":"https:\/\/blog.addap13.net\/equilibre\/wp-json\/wp\/v2\/pages"}],"about":[{"href":"https:\/\/blog.addap13.net\/equilibre\/wp-json\/wp\/v2\/types\/page"}],"author":[{"embeddable":true,"href":"https:\/\/blog.addap13.net\/equilibre\/wp-json\/wp\/v2\/users\/2"}],"replies":[{"embeddable":true,"href":"https:\/\/blog.addap13.net\/equilibre\/wp-json\/wp\/v2\/comments?post=16"}],"version-history":[{"count":6,"href":"https:\/\/blog.addap13.net\/equilibre\/wp-json\/wp\/v2\/pages\/16\/revisions"}],"predecessor-version":[{"id":944,"href":"https:\/\/blog.addap13.net\/equilibre\/wp-json\/wp\/v2\/pages\/16\/revisions\/944"}],"wp:attachment":[{"href":"https:\/\/blog.addap13.net\/equilibre\/wp-json\/wp\/v2\/media?parent=16"}],"curies":[{"name":"wp","href":"https:\/\/api.w.org\/{rel}","templated":true}]}}